{"id":602,"date":"2025-06-17T14:25:39","date_gmt":"2025-06-17T13:25:39","guid":{"rendered":"https:\/\/hagel-team.com\/%e8%a2%ab%e5%ae%b3%e5%a0%b1%e5%91%8a\/"},"modified":"2025-06-20T09:16:38","modified_gmt":"2025-06-20T08:16:38","slug":"%e8%a2%ab%e5%ae%b3%e5%a0%b1%e5%91%8a","status":"publish","type":"page","link":"https:\/\/hagel-team.com\/ja\/%e8%a2%ab%e5%ae%b3%e5%a0%b1%e5%91%8a\/","title":{"rendered":"\u88ab\u5bb3\u5831\u544a"},"content":{"rendered":"<h1><span class=\"uk-badge uk-padding-small\">\u88ab\u5bb3\u5831\u544a<\/span><\/h1>\n<h2>\u4eca\u3059\u3050\u3054\u9023\u7d61\u304f\u3060\u3055\u3044\u3002<\/h2>\n<div>\n<p>\u3072\u3087\u3046\u5bb3\u3092\u767a\u898b\u3057\u307e\u3057\u305f\u304b\uff1f\u4eca\u3059\u3050\u3054\u9023\u7d61\u304f\u3060\u3055\u3044\u3002E\u30e1\u30fc\u30eb\u3001\u96fb\u8a71\u3001\u307e\u305f\u306f\u76f4\u63a5WhatsApp\u3067\u3054\u9023\u7d61\u304f\u3060\u3055\u3044\u3002<\/p>\n<\/div>\n<ul>\n<li>\n<h3>info@hagel-team.com<\/h3>\n<p>\u96fb\u5b50\u30e1\u30fc\u30eb<\/p>\n<div>\n<p>Wir koordinieren einen zeitnahen Reparaturtermin \u2013 flexibel in einem unserer Partnerbetriebe oder direkt bei Ihnen vor Ort. Auf Wunsch \u00fcbernehmen wir die komplette Abstimmung mit Ihrer Versicherung.<\/p>\n<\/div>\n<p><a href=\"mailto:info@hagel-team.com\">\u96fb\u5b50\u30e1\u30fc\u30eb\u3092\u9001\u308b<\/a><\/p>\n<\/li>\n<li>\n<h3>+49 (0) 30 22 399 52 816<\/h3>\n<p>\u96fb\u8a71\u3067<\/p>\n<div>\n<p>Melden Sie den Hagelschaden unkompliziert per Telefon, E-Mail oder direkt \u00fcber WhatsApp. Unser erfahrenes Team nimmt alle wichtigen Informationen auf und ber\u00e4t Sie \u00fcber die n\u00e4chsten Schritte.<\/p>\n<\/div>\n<p><a href=\"tel:+49302239952816\">\u4eca\u3059\u3050\u304a\u96fb\u8a71\u3092<\/a><\/p>\n<\/li>\n<li>\n<h3>+49 (0) 172 7 127 617<\/h3>\n<p>Whatsapp<\/p>\n<div>\n<p data-start=\"885\" data-end=\"1092\" class=\"\">Unsere zertifizierten Techniker setzen Ihr Fahrzeug mit modernsten, lackschonenden Verfahren instand. Pr\u00e4zise Arbeit, h\u00f6chste Qualit\u00e4tsstandards und vollst\u00e4ndige Dokumentation sichern ein optimales Ergebnis.<\/p>\n<\/div>\n<p><a href=\"https:\/\/api.whatsapp.com\/send\/?phone=491727127617\">\u30e1\u30c3\u30bb\u30fc\u30b8\u3092\u9001\u308b<\/a><\/p>\n<\/li>\n<\/ul>\n<p><!--more--><br \/>\n<!-- {\"type\":\"layout\",\"children\":[{\"type\":\"section\",\"props\":{\"image_position\":\"center-center\",\"padding\":\"large\",\"style\":\"default\",\"title_breakpoint\":\"xl\",\"title_position\":\"top-left\",\"title_rotation\":\"left\",\"vertical_align\":\"middle\",\"width\":\"default\"},\"children\":[{\"type\":\"row\",\"children\":[{\"type\":\"column\",\"props\":{\"image_position\":\"center-center\",\"position_sticky_breakpoint\":\"m\"},\"children\":[{\"type\":\"headline\",\"props\":{\"content\":\"<span class=\\\"uk-badge uk-padding-small\\\">\\u88ab\\u5bb3\\u5831\\u544a<\\\/span>\",\"text_align\":\"center\",\"title_element\":\"h1\"}},{\"type\":\"headline\",\"props\":{\"content\":\"\\u4eca\\u3059\\u3050\\u3054\\u9023\\u7d61\\u304f\\u3060\\u3055\\u3044\\u3002\",\"margin_remove_top\":true,\"text_align\":\"center\",\"title_element\":\"h2\",\"title_style\":\"heading-small\"}},{\"type\":\"text\",\"props\":{\"block_align\":\"center\",\"column_breakpoint\":\"m\",\"content\":\"\n\n<p>\\u3072\\u3087\\u3046\\u5bb3\\u3092\\u767a\\u898b\\u3057\\u307e\\u3057\\u305f\\u304b\\uff1f\\u4eca\\u3059\\u3050\\u3054\\u9023\\u7d61\\u304f\\u3060\\u3055\\u3044\\u3002E\\u30e1\\u30fc\\u30eb\\u3001\\u96fb\\u8a71\\u3001\\u307e\\u305f\\u306f\\u76f4\\u63a5WhatsApp\\u3067\\u3054\\u9023\\u7d61\\u304f\\u3060\\u3055\\u3044\\u3002<\\\/p>\",\"margin\":\"default\",\"maxwidth\":\"2xlarge\",\"text_align\":\"center\",\"text_style\":\"lead\"}},{\"type\":\"grid\",\"props\":{\"content_column_breakpoint\":\"m\",\"content_style\":\"text-small\",\"filter_align\":\"left\",\"filter_all\":true,\"filter_grid_breakpoint\":\"m\",\"filter_grid_width\":\"auto\",\"filter_position\":\"top\",\"filter_style\":\"tab\",\"grid_default\":\"1\",\"grid_divider\":false,\"grid_medium\":\"3\",\"icon_width\":\"50\",\"image_align\":\"top\",\"image_grid_breakpoint\":\"m\",\"image_grid_width\":\"1-2\",\"image_svg_color\":\"emphasis\",\"image_width\":75,\"item_animation\":true,\"lightbox_bg_close\":true,\"link_style\":\"default\",\"link_target\":true,\"link_text\":\"Read more\",\"margin\":\"large\",\"meta_align\":\"above-title\",\"meta_element\":\"div\",\"meta_style\":\"text-meta\",\"panel_padding\":\"default\",\"show_content\":false,\"show_hover_image\":true,\"show_hover_video\":true,\"show_image\":true,\"show_link\":true,\"show_meta\":true,\"show_title\":true,\"show_video\":true,\"text_align\":\"center\",\"title_align\":\"top\",\"title_element\":\"h3\",\"title_grid_breakpoint\":\"m\",\"title_grid_width\":\"1-2\",\"title_hover_style\":\"reset\"},\"children\":[{\"type\":\"grid_item\",\"props\":{\"content\":\"\n\n<p>Wir koordinieren einen zeitnahen Reparaturtermin \\u2013 flexibel in einem unserer Partnerbetriebe oder direkt bei Ihnen vor Ort. Auf Wunsch \\u00fcbernehmen wir die komplette Abstimmung mit Ihrer Versicherung.<\\\/p>\",\"icon\":\"mail\",\"image\":\"\",\"link\":\"mailto:info@hagel-team.com\",\"link_text\":\"\\u96fb\\u5b50\\u30e1\\u30fc\\u30eb\\u3092\\u9001\\u308b\",\"meta\":\"\\u96fb\\u5b50\\u30e1\\u30fc\\u30eb\",\"panel_style\":\"tile-primary\",\"title\":\"info@hagel-team.com\"}},{\"type\":\"grid_item\",\"props\":{\"content\":\"\n\n<p>Melden Sie den Hagelschaden unkompliziert per Telefon, E-Mail oder direkt \\u00fcber WhatsApp. Unser erfahrenes Team nimmt alle wichtigen Informationen auf und ber\\u00e4t Sie \\u00fcber die n\\u00e4chsten Schritte.<\\\/p>\",\"icon\":\"receiver\",\"image\":\"\",\"link\":\"tel:+49302239952816\",\"link_text\":\"\\u4eca\\u3059\\u3050\\u304a\\u96fb\\u8a71\\u3092\",\"meta\":\"\\u96fb\\u8a71\\u3067\",\"panel_style\":\"tile-muted\",\"title\":\"+49 (0) 30 22 399 52 816\"}},{\"type\":\"grid_item\",\"props\":{\"content\":\"\n\n<p data-start=\\\"885\\\" data-end=\\\"1092\\\" class=\\\"\\\">Unsere zertifizierten Techniker setzen Ihr Fahrzeug mit modernsten, lackschonenden Verfahren instand. Pr\\u00e4zise Arbeit, h\\u00f6chste Qualit\\u00e4tsstandards und vollst\\u00e4ndige Dokumentation sichern ein optimales Ergebnis.<\\\/p>\",\"icon\":\"whatsapp\",\"image\":\"\",\"link\":\"https:\\\/\\\/api.whatsapp.com\\\/send\\\/?phone=491727127617\",\"link_text\":\"\\u30e1\\u30c3\\u30bb\\u30fc\\u30b8\\u3092\\u9001\\u308b\",\"meta\":\"Whatsapp\",\"panel_style\":\"tile-secondary\",\"title\":\"+49 (0) 172 7 127 617\"}}],\"name\":\"griiid\"}]}]}]}],\"version\":\"4.5.20\"} --><\/p>\n","protected":false},"excerpt":{"rendered":"<p>\u88ab\u5bb3\u5831\u544a \u4eca\u3059\u3050\u3054\u9023\u7d61\u304f\u3060\u3055\u3044\u3002 \u3072\u3087\u3046\u5bb3\u3092\u767a\u898b\u3057\u307e\u3057\u305f\u304b\uff1f\u4eca\u3059\u3050\u3054\u9023\u7d61\u304f\u3060\u3055\u3044\u3002E\u30e1\u30fc\u30eb\u3001\u96fb\u8a71\u3001\u307e\u305f\u306f\u76f4\u63a5WhatsApp\u3067\u3054\u9023\u7d61\u304f\u3060\u3055\u3044\u3002 info@hagel-team.com \u96fb\u5b50\u30e1\u30fc\u30eb Wir koordini [&hellip;]<\/p>\n","protected":false},"author":1,"featured_media":0,"parent":0,"menu_order":0,"comment_status":"closed","ping_status":"closed","template":"","meta":{"footnotes":""},"class_list":["post-602","page","type-page","status-publish","hentry"],"yoast_head":"<!-- This site is optimized with the Yoast SEO plugin v26.6 - https:\/\/yoast.com\/wordpress\/plugins\/seo\/ -->\n<title>\u88ab\u5bb3\u5831\u544a - Hagel Team<\/title>\n<meta name=\"robots\" content=\"index, follow, max-snippet:-1, max-image-preview:large, max-video-preview:-1\" \/>\n<link rel=\"canonical\" href=\"https:\/\/hagel-team.com\/ja\/%e8%a2%ab%e5%ae%b3%e5%a0%b1%e5%91%8a\/\" \/>\n<meta property=\"og:locale\" content=\"ja_JP\" \/>\n<meta property=\"og:type\" content=\"article\" \/>\n<meta property=\"og:title\" content=\"\u88ab\u5bb3\u5831\u544a - Hagel Team\" \/>\n<meta property=\"og:description\" content=\"\u88ab\u5bb3\u5831\u544a \u4eca\u3059\u3050\u3054\u9023\u7d61\u304f\u3060\u3055\u3044\u3002 \u3072\u3087\u3046\u5bb3\u3092\u767a\u898b\u3057\u307e\u3057\u305f\u304b\uff1f\u4eca\u3059\u3050\u3054\u9023\u7d61\u304f\u3060\u3055\u3044\u3002E\u30e1\u30fc\u30eb\u3001\u96fb\u8a71\u3001\u307e\u305f\u306f\u76f4\u63a5WhatsApp\u3067\u3054\u9023\u7d61\u304f\u3060\u3055\u3044\u3002 info@hagel-team.com \u96fb\u5b50\u30e1\u30fc\u30eb Wir koordini [&hellip;]\" \/>\n<meta property=\"og:url\" content=\"https:\/\/hagel-team.com\/ja\/%e8%a2%ab%e5%ae%b3%e5%a0%b1%e5%91%8a\/\" \/>\n<meta property=\"og:site_name\" content=\"Hagel Team\" \/>\n<meta property=\"article:modified_time\" content=\"2025-06-20T08:16:38+00:00\" \/>\n<meta name=\"twitter:card\" content=\"summary_large_image\" \/>\n<script type=\"application\/ld+json\" class=\"yoast-schema-graph\">{\"@context\":\"https:\/\/schema.org\",\"@graph\":[{\"@type\":\"WebPage\",\"@id\":\"https:\/\/hagel-team.com\/ja\/%e8%a2%ab%e5%ae%b3%e5%a0%b1%e5%91%8a\/\",\"url\":\"https:\/\/hagel-team.com\/ja\/%e8%a2%ab%e5%ae%b3%e5%a0%b1%e5%91%8a\/\",\"name\":\"\u88ab\u5bb3\u5831\u544a - Hagel Team\",\"isPartOf\":{\"@id\":\"https:\/\/hagel-team.com\/ja\/#website\"},\"datePublished\":\"2025-06-17T13:25:39+00:00\",\"dateModified\":\"2025-06-20T08:16:38+00:00\",\"breadcrumb\":{\"@id\":\"https:\/\/hagel-team.com\/ja\/%e8%a2%ab%e5%ae%b3%e5%a0%b1%e5%91%8a\/#breadcrumb\"},\"inLanguage\":\"ja\",\"potentialAction\":[{\"@type\":\"ReadAction\",\"target\":[\"https:\/\/hagel-team.com\/ja\/%e8%a2%ab%e5%ae%b3%e5%a0%b1%e5%91%8a\/\"]}]},{\"@type\":\"BreadcrumbList\",\"@id\":\"https:\/\/hagel-team.com\/ja\/%e8%a2%ab%e5%ae%b3%e5%a0%b1%e5%91%8a\/#breadcrumb\",\"itemListElement\":[{\"@type\":\"ListItem\",\"position\":1,\"name\":\"Startseite\",\"item\":\"https:\/\/hagel-team.com\/ja\/\"},{\"@type\":\"ListItem\",\"position\":2,\"name\":\"\u88ab\u5bb3\u5831\u544a\"}]},{\"@type\":\"WebSite\",\"@id\":\"https:\/\/hagel-team.com\/ja\/#website\",\"url\":\"https:\/\/hagel-team.com\/ja\/\",\"name\":\"Hagel Team\",\"description\":\"\u8eca\u4e21\u306e\u3072\u3087\u3046\u5bb3\u3092\u52b9\u7387\u7684\u306b\u4fee\u7406\",\"potentialAction\":[{\"@type\":\"SearchAction\",\"target\":{\"@type\":\"EntryPoint\",\"urlTemplate\":\"https:\/\/hagel-team.com\/ja\/?s={search_term_string}\"},\"query-input\":{\"@type\":\"PropertyValueSpecification\",\"valueRequired\":true,\"valueName\":\"search_term_string\"}}],\"inLanguage\":\"ja\"}]}<\/script>\n<!-- \/ Yoast SEO plugin. -->","yoast_head_json":{"title":"\u88ab\u5bb3\u5831\u544a - Hagel Team","robots":{"index":"index","follow":"follow","max-snippet":"max-snippet:-1","max-image-preview":"max-image-preview:large","max-video-preview":"max-video-preview:-1"},"canonical":"https:\/\/hagel-team.com\/ja\/%e8%a2%ab%e5%ae%b3%e5%a0%b1%e5%91%8a\/","og_locale":"ja_JP","og_type":"article","og_title":"\u88ab\u5bb3\u5831\u544a - Hagel Team","og_description":"\u88ab\u5bb3\u5831\u544a \u4eca\u3059\u3050\u3054\u9023\u7d61\u304f\u3060\u3055\u3044\u3002 \u3072\u3087\u3046\u5bb3\u3092\u767a\u898b\u3057\u307e\u3057\u305f\u304b\uff1f\u4eca\u3059\u3050\u3054\u9023\u7d61\u304f\u3060\u3055\u3044\u3002E\u30e1\u30fc\u30eb\u3001\u96fb\u8a71\u3001\u307e\u305f\u306f\u76f4\u63a5WhatsApp\u3067\u3054\u9023\u7d61\u304f\u3060\u3055\u3044\u3002 info@hagel-team.com \u96fb\u5b50\u30e1\u30fc\u30eb Wir koordini [&hellip;]","og_url":"https:\/\/hagel-team.com\/ja\/%e8%a2%ab%e5%ae%b3%e5%a0%b1%e5%91%8a\/","og_site_name":"Hagel Team","article_modified_time":"2025-06-20T08:16:38+00:00","twitter_card":"summary_large_image","schema":{"@context":"https:\/\/schema.org","@graph":[{"@type":"WebPage","@id":"https:\/\/hagel-team.com\/ja\/%e8%a2%ab%e5%ae%b3%e5%a0%b1%e5%91%8a\/","url":"https:\/\/hagel-team.com\/ja\/%e8%a2%ab%e5%ae%b3%e5%a0%b1%e5%91%8a\/","name":"\u88ab\u5bb3\u5831\u544a - Hagel Team","isPartOf":{"@id":"https:\/\/hagel-team.com\/ja\/#website"},"datePublished":"2025-06-17T13:25:39+00:00","dateModified":"2025-06-20T08:16:38+00:00","breadcrumb":{"@id":"https:\/\/hagel-team.com\/ja\/%e8%a2%ab%e5%ae%b3%e5%a0%b1%e5%91%8a\/#breadcrumb"},"inLanguage":"ja","potentialAction":[{"@type":"ReadAction","target":["https:\/\/hagel-team.com\/ja\/%e8%a2%ab%e5%ae%b3%e5%a0%b1%e5%91%8a\/"]}]},{"@type":"BreadcrumbList","@id":"https:\/\/hagel-team.com\/ja\/%e8%a2%ab%e5%ae%b3%e5%a0%b1%e5%91%8a\/#breadcrumb","itemListElement":[{"@type":"ListItem","position":1,"name":"Startseite","item":"https:\/\/hagel-team.com\/ja\/"},{"@type":"ListItem","position":2,"name":"\u88ab\u5bb3\u5831\u544a"}]},{"@type":"WebSite","@id":"https:\/\/hagel-team.com\/ja\/#website","url":"https:\/\/hagel-team.com\/ja\/","name":"Hagel Team","description":"\u8eca\u4e21\u306e\u3072\u3087\u3046\u5bb3\u3092\u52b9\u7387\u7684\u306b\u4fee\u7406","potentialAction":[{"@type":"SearchAction","target":{"@type":"EntryPoint","urlTemplate":"https:\/\/hagel-team.com\/ja\/?s={search_term_string}"},"query-input":{"@type":"PropertyValueSpecification","valueRequired":true,"valueName":"search_term_string"}}],"inLanguage":"ja"}]}},"_links":{"self":[{"href":"https:\/\/hagel-team.com\/ja\/wp-json\/wp\/v2\/pages\/602","targetHints":{"allow":["GET"]}}],"collection":[{"href":"https:\/\/hagel-team.com\/ja\/wp-json\/wp\/v2\/pages"}],"about":[{"href":"https:\/\/hagel-team.com\/ja\/wp-json\/wp\/v2\/types\/page"}],"author":[{"embeddable":true,"href":"https:\/\/hagel-team.com\/ja\/wp-json\/wp\/v2\/users\/1"}],"replies":[{"embeddable":true,"href":"https:\/\/hagel-team.com\/ja\/wp-json\/wp\/v2\/comments?post=602"}],"version-history":[{"count":1,"href":"https:\/\/hagel-team.com\/ja\/wp-json\/wp\/v2\/pages\/602\/revisions"}],"predecessor-version":[{"id":713,"href":"https:\/\/hagel-team.com\/ja\/wp-json\/wp\/v2\/pages\/602\/revisions\/713"}],"wp:attachment":[{"href":"https:\/\/hagel-team.com\/ja\/wp-json\/wp\/v2\/media?parent=602"}],"curies":[{"name":"wp","href":"https:\/\/api.w.org\/{rel}","templated":true}]}}