{"id":597,"date":"2025-06-16T16:38:31","date_gmt":"2025-06-16T15:38:31","guid":{"rendered":"https:\/\/hagel-team.com\/contact\/"},"modified":"2025-06-19T18:17:09","modified_gmt":"2025-06-19T17:17:09","slug":"contact","status":"publish","type":"page","link":"https:\/\/hagel-team.com\/fr\/contact\/","title":{"rendered":"Contact"},"content":{"rendered":"<h1><span class=\"uk-badge uk-padding-small\">Contact<\/span><\/h1>\n<h2>Vous avez des questions ?<\/h2>\n<h2>Voici comment nous contacter<\/h2>\n<div>\n<div class=\"uk-h4 uk-margin uk-margin-remove-bottom\" data-id=\"footer#1-0-1-1\" data-element=\"\"><a href=\"mailto:info@hagel-team.com\">info@hagel-team.com<\/a><\/div>\n<div class=\"uk-h4 uk-margin uk-margin-remove-top\" data-id=\"footer#1-0-1-2\" data-element=\"\"><a href=\"tel:+49302239952816\">+49 (0) 30 22 399 52 816<\/a><\/div>\n<\/div>\n<p><p>\n        <a href=\"mailto:info@hagel-team.com\">Envoyer un e-mail<\/a>\n    <\/p>\n<\/p>\n<h2>Adresse postale<\/h2>\n<div>\n<p>Hagel Team Ltd.<br \/>ul. Maragidik No 19 et. 2, ap. ofis 1<br \/>8000 Burgas, Bulgarie<\/p>\n<\/div>\n<h2>R\u00e9seaux sociaux<\/h2>\n<ul>\n<li><a href=\"http:\/\/instagram.com\/hagelteam\">instagram<\/a>\n<\/li>\n<\/ul>\n<p><!--more--><br \/>\n<!-- {\"type\":\"layout\",\"children\":[{\"type\":\"section\",\"props\":{\"class\":\"uk-position-relative\",\"header_transparent\":true,\"header_transparent_noplaceholder\":false,\"image_position\":\"center-center\",\"media_overlay\":\"rgba(255, 255, 255, 0.95)\",\"padding\":\"large\",\"padding_remove_bottom\":false,\"style\":\"muted\",\"title_breakpoint\":\"xl\",\"title_position\":\"top-left\",\"title_rotation\":\"left\",\"vertical_align\":\"\",\"width\":\"\"},\"children\":[{\"type\":\"row\",\"props\":{\"margin\":\"large\",\"margin_remove_top\":true,\"width\":\"default\"},\"children\":[{\"type\":\"column\",\"props\":{\"image_position\":\"center-center\",\"position_sticky_breakpoint\":\"m\"},\"children\":[{\"type\":\"headline\",\"props\":{\"content\":\"<span class=\\\"uk-badge uk-padding-small\\\">Contact<\\\/span>\",\"text_align\":\"center\",\"title_element\":\"h1\"}},{\"type\":\"headline\",\"props\":{\"content\":\"Vous avez des questions ?\",\"margin\":\"xlarge\",\"margin_remove_top\":true,\"position\":\"relative\",\"position_z_index\":\"1\",\"text_align\":\"center\",\"title_element\":\"h2\",\"title_style\":\"heading-small\"}}]}]},{\"type\":\"row\",\"props\":{\"margin\":\"large\",\"width\":\"default\"},\"children\":[{\"type\":\"column\",\"props\":{\"image_position\":\"center-center\",\"position_sticky_breakpoint\":\"m\"},\"children\":[{\"type\":\"headline\",\"props\":{\"content\":\"Voici comment nous contacter\",\"margin\":\"large\",\"margin_remove_bottom\":true,\"position\":\"relative\",\"position_z_index\":\"1\",\"text_align\":\"center\",\"title_element\":\"h2\",\"title_style\":\"h6\"}},{\"type\":\"text\",\"props\":{\"column_breakpoint\":\"m\",\"content\":\"\n\n<div class=\\\"uk-h4 uk-margin uk-margin-remove-bottom\\\" data-id=\\\"footer#1-0-1-1\\\" data-element=\\\"\\\"><a href=\\\"mailto:info@hagel-team.com\\\">info@hagel-team.com<\\\/a><\\\/div>\\n\n\n<div class=\\\"uk-h4 uk-margin uk-margin-remove-top\\\" data-id=\\\"footer#1-0-1-2\\\" data-element=\\\"\\\"><a href=\\\"tel:+49302239952816\\\">+49 (0) 30 22 399 52 816<\\\/a><\\\/div>\",\"margin\":\"default\",\"margin_remove_bottom\":true,\"position\":\"relative\",\"position_z_index\":\"1\",\"text_align\":\"center\",\"text_style\":\"lead\"}},{\"type\":\"button\",\"props\":{\"grid_column_gap\":\"small\",\"grid_row_gap\":\"small\",\"margin\":\"small\",\"position\":\"relative\",\"position_z_index\":\"1\",\"text_align\":\"center\"},\"children\":[{\"type\":\"button_item\",\"props\":{\"button_style\":\"text\",\"content\":\"Envoyer un e-mail\",\"dialog_layout\":\"modal\",\"dialog_offcanvas_flip\":true,\"icon_align\":\"left\",\"link\":\"mailto:info@hagel-team.com\",\"link_target\":\"blank\"}}]}]}]},{\"type\":\"row\",\"props\":{\"margin\":\"large\",\"width\":\"default\"},\"children\":[{\"type\":\"column\",\"props\":{\"image_position\":\"center-center\",\"position_sticky_breakpoint\":\"m\"},\"children\":[{\"type\":\"headline\",\"props\":{\"content\":\"Adresse postale\",\"margin\":\"large\",\"margin_remove_bottom\":true,\"position\":\"relative\",\"position_z_index\":\"1\",\"text_align\":\"center\",\"title_element\":\"h2\",\"title_style\":\"h6\"}},{\"type\":\"text\",\"props\":{\"column_breakpoint\":\"m\",\"content\":\"\n\n<p>Hagel Team Ltd.<br \\\/>ul. Maragidik No 19 et. 2, ap. ofis 1<br \\\/>8000 Burgas, Bulgarie<\\\/p>\",\"margin\":\"default\",\"margin_remove_bottom\":true,\"position\":\"relative\",\"position_z_index\":\"1\",\"text_align\":\"center\",\"text_style\":\"lead\"}}]}]},{\"type\":\"row\",\"props\":{\"margin\":\"large\",\"width\":\"default\"},\"children\":[{\"type\":\"column\",\"props\":{\"image_position\":\"center-center\",\"position_sticky_breakpoint\":\"m\"},\"children\":[{\"type\":\"headline\",\"props\":{\"content\":\"R\\u00e9seaux sociaux\",\"margin_remove_bottom\":true,\"position\":\"relative\",\"position_z_index\":\"1\",\"text_align\":\"center\",\"title_element\":\"h2\",\"title_style\":\"h6\"}},{\"type\":\"social\",\"props\":{\"grid\":\"horizontal\",\"grid_column_gap\":\"small\",\"grid_row_gap\":\"small\",\"image_svg_inline\":true,\"link_style\":\"button\",\"link_target\":true,\"margin\":\"default\",\"position\":\"relative\",\"position_z_index\":\"1\",\"text_align\":\"center\"},\"children\":[{\"type\":\"social_item\",\"props\":{\"link\":\"http:\\\/\\\/instagram.com\\\/hagelteam\"}}]}]}]}],\"name\":\"Contact\",\"modified\":\"2021-09-28T09:31:56.668Z\"}],\"version\":\"4.5.20\"} --><\/p>\n","protected":false},"excerpt":{"rendered":"<p>Contact Vous avez des questions ? Voici comment nous contacter info@hagel-team.com +49 (0) 30 22 399 52 816 Envoyer un e-mail Adresse postale Hagel Team Ltd.ul. Maragidik No 19 et. 2, ap. ofis 18000 Burgas, Bulgarie R\u00e9seaux sociaux instagram<\/p>\n","protected":false},"author":1,"featured_media":0,"parent":0,"menu_order":0,"comment_status":"closed","ping_status":"closed","template":"","meta":{"footnotes":""},"class_list":["post-597","page","type-page","status-publish","hentry"],"yoast_head":"<!-- This site is optimized with the Yoast SEO plugin v26.6 - https:\/\/yoast.com\/wordpress\/plugins\/seo\/ -->\n<title>Contact - Hagel Team<\/title>\n<meta name=\"robots\" content=\"index, follow, max-snippet:-1, max-image-preview:large, max-video-preview:-1\" \/>\n<link rel=\"canonical\" href=\"https:\/\/hagel-team.com\/fr\/contact\/\" \/>\n<meta property=\"og:locale\" content=\"fr_FR\" \/>\n<meta property=\"og:type\" content=\"article\" \/>\n<meta property=\"og:title\" content=\"Contact - Hagel Team\" \/>\n<meta property=\"og:description\" content=\"Contact Vous avez des questions ? Voici comment nous contacter info@hagel-team.com +49 (0) 30 22 399 52 816 Envoyer un e-mail Adresse postale Hagel Team Ltd.ul. Maragidik No 19 et. 2, ap. ofis 18000 Burgas, Bulgarie R\u00e9seaux sociaux instagram\" \/>\n<meta property=\"og:url\" content=\"https:\/\/hagel-team.com\/fr\/contact\/\" \/>\n<meta property=\"og:site_name\" content=\"Hagel Team\" \/>\n<meta property=\"article:modified_time\" content=\"2025-06-19T17:17:09+00:00\" \/>\n<meta name=\"twitter:card\" content=\"summary_large_image\" \/>\n<script type=\"application\/ld+json\" class=\"yoast-schema-graph\">{\"@context\":\"https:\/\/schema.org\",\"@graph\":[{\"@type\":\"WebPage\",\"@id\":\"https:\/\/hagel-team.com\/fr\/contact\/\",\"url\":\"https:\/\/hagel-team.com\/fr\/contact\/\",\"name\":\"Contact - Hagel Team\",\"isPartOf\":{\"@id\":\"https:\/\/hagel-team.com\/fr\/#website\"},\"datePublished\":\"2025-06-16T15:38:31+00:00\",\"dateModified\":\"2025-06-19T17:17:09+00:00\",\"breadcrumb\":{\"@id\":\"https:\/\/hagel-team.com\/fr\/contact\/#breadcrumb\"},\"inLanguage\":\"fr-FR\",\"potentialAction\":[{\"@type\":\"ReadAction\",\"target\":[\"https:\/\/hagel-team.com\/fr\/contact\/\"]}]},{\"@type\":\"BreadcrumbList\",\"@id\":\"https:\/\/hagel-team.com\/fr\/contact\/#breadcrumb\",\"itemListElement\":[{\"@type\":\"ListItem\",\"position\":1,\"name\":\"Startseite\",\"item\":\"https:\/\/hagel-team.com\/fr\/\"},{\"@type\":\"ListItem\",\"position\":2,\"name\":\"Contact\"}]},{\"@type\":\"WebSite\",\"@id\":\"https:\/\/hagel-team.com\/fr\/#website\",\"url\":\"https:\/\/hagel-team.com\/fr\/\",\"name\":\"Hagel Team\",\"description\":\"R\u00e9paration efficace des dommages caus\u00e9s par la gr\u00eale sur les v\u00e9hicules\",\"potentialAction\":[{\"@type\":\"SearchAction\",\"target\":{\"@type\":\"EntryPoint\",\"urlTemplate\":\"https:\/\/hagel-team.com\/fr\/?s={search_term_string}\"},\"query-input\":{\"@type\":\"PropertyValueSpecification\",\"valueRequired\":true,\"valueName\":\"search_term_string\"}}],\"inLanguage\":\"fr-FR\"}]}<\/script>\n<!-- \/ Yoast SEO plugin. -->","yoast_head_json":{"title":"Contact - Hagel Team","robots":{"index":"index","follow":"follow","max-snippet":"max-snippet:-1","max-image-preview":"max-image-preview:large","max-video-preview":"max-video-preview:-1"},"canonical":"https:\/\/hagel-team.com\/fr\/contact\/","og_locale":"fr_FR","og_type":"article","og_title":"Contact - Hagel Team","og_description":"Contact Vous avez des questions ? Voici comment nous contacter info@hagel-team.com +49 (0) 30 22 399 52 816 Envoyer un e-mail Adresse postale Hagel Team Ltd.ul. Maragidik No 19 et. 2, ap. ofis 18000 Burgas, Bulgarie R\u00e9seaux sociaux instagram","og_url":"https:\/\/hagel-team.com\/fr\/contact\/","og_site_name":"Hagel Team","article_modified_time":"2025-06-19T17:17:09+00:00","twitter_card":"summary_large_image","schema":{"@context":"https:\/\/schema.org","@graph":[{"@type":"WebPage","@id":"https:\/\/hagel-team.com\/fr\/contact\/","url":"https:\/\/hagel-team.com\/fr\/contact\/","name":"Contact - Hagel Team","isPartOf":{"@id":"https:\/\/hagel-team.com\/fr\/#website"},"datePublished":"2025-06-16T15:38:31+00:00","dateModified":"2025-06-19T17:17:09+00:00","breadcrumb":{"@id":"https:\/\/hagel-team.com\/fr\/contact\/#breadcrumb"},"inLanguage":"fr-FR","potentialAction":[{"@type":"ReadAction","target":["https:\/\/hagel-team.com\/fr\/contact\/"]}]},{"@type":"BreadcrumbList","@id":"https:\/\/hagel-team.com\/fr\/contact\/#breadcrumb","itemListElement":[{"@type":"ListItem","position":1,"name":"Startseite","item":"https:\/\/hagel-team.com\/fr\/"},{"@type":"ListItem","position":2,"name":"Contact"}]},{"@type":"WebSite","@id":"https:\/\/hagel-team.com\/fr\/#website","url":"https:\/\/hagel-team.com\/fr\/","name":"Hagel Team","description":"R\u00e9paration efficace des dommages caus\u00e9s par la gr\u00eale sur les v\u00e9hicules","potentialAction":[{"@type":"SearchAction","target":{"@type":"EntryPoint","urlTemplate":"https:\/\/hagel-team.com\/fr\/?s={search_term_string}"},"query-input":{"@type":"PropertyValueSpecification","valueRequired":true,"valueName":"search_term_string"}}],"inLanguage":"fr-FR"}]}},"_links":{"self":[{"href":"https:\/\/hagel-team.com\/fr\/wp-json\/wp\/v2\/pages\/597","targetHints":{"allow":["GET"]}}],"collection":[{"href":"https:\/\/hagel-team.com\/fr\/wp-json\/wp\/v2\/pages"}],"about":[{"href":"https:\/\/hagel-team.com\/fr\/wp-json\/wp\/v2\/types\/page"}],"author":[{"embeddable":true,"href":"https:\/\/hagel-team.com\/fr\/wp-json\/wp\/v2\/users\/1"}],"replies":[{"embeddable":true,"href":"https:\/\/hagel-team.com\/fr\/wp-json\/wp\/v2\/comments?post=597"}],"version-history":[{"count":1,"href":"https:\/\/hagel-team.com\/fr\/wp-json\/wp\/v2\/pages\/597\/revisions"}],"predecessor-version":[{"id":629,"href":"https:\/\/hagel-team.com\/fr\/wp-json\/wp\/v2\/pages\/597\/revisions\/629"}],"wp:attachment":[{"href":"https:\/\/hagel-team.com\/fr\/wp-json\/wp\/v2\/media?parent=597"}],"curies":[{"name":"wp","href":"https:\/\/api.w.org\/{rel}","templated":true}]}}