{"id":596,"date":"2025-04-22T16:54:16","date_gmt":"2025-04-22T15:54:16","guid":{"rendered":"https:\/\/hagel-team.com\/mentions-legales\/"},"modified":"2025-04-22T16:54:16","modified_gmt":"2025-04-22T15:54:16","slug":"mentions-legales","status":"publish","type":"page","link":"https:\/\/hagel-team.com\/fr\/mentions-legales\/","title":{"rendered":"Mentions l\u00e9gales"},"content":{"rendered":"<h1>Mentions l\u00e9gales<\/h1>\n<div>\n<p class=\"p1\"><strong>Hagel Team Ltd.<\/strong><br \/><span>ul. Maragidik No 19 et. 2, ap. ofis 1   <\/span><br \/><span>8000 Burgas, Bulgarie<\/span><\/p>\n<p><span>T\u00e9l\u00e9phone : +49 (0) 30 22 399 52 816<\/span><br \/><span>Courrier \u00e9lectronique : info@hagel-team.com<\/span><\/p>\n<p>Directeur g\u00e9n\u00e9ral :<br \/>Almin Bekti\u0107<\/p>\n<p><span>VAT (UID) sur demande<\/span><\/p>\n<p>Responsable du contenu conform\u00e9ment au \u00a7 55 alin\u00e9a 2 MDStV :<br \/>Almin Bekti\u0107 (adresse ci-dessus) <\/p>\n<h5 class=\"uk-h4 uk-margin-small uk-margin-auto\">Participation aux litiges en ligne :<\/h5>\n<p>Plate-forme de la Commission europ\u00e9enne pour le r\u00e8glement en ligne des litiges :<br \/><a href=\"http:\/\/www.ec.europa.eu\/consumers\/odr\">www.ec.europa.eu\/consumers\/odr<\/a><\/p>\n<\/div>\n<p><!--more--><br \/>\n<!-- {\"type\":\"layout\",\"children\":[{\"type\":\"section\",\"props\":{\"image_position\":\"center-center\",\"padding\":\"large\",\"style\":\"default\",\"title_breakpoint\":\"xl\",\"title_position\":\"top-left\",\"title_rotation\":\"left\",\"vertical_align\":\"middle\",\"width\":\"default\"},\"children\":[{\"type\":\"row\",\"children\":[{\"type\":\"column\",\"props\":{\"image_position\":\"center-center\",\"position_sticky_breakpoint\":\"m\"},\"children\":[{\"type\":\"headline\",\"props\":{\"content\":\"Impressum\",\"text_align\":\"center\",\"title_element\":\"h1\"}},{\"type\":\"text\",\"props\":{\"block_align\":\"center\",\"column_breakpoint\":\"m\",\"content\":\"\n\n<p class=\\\"p1\\\"><strong>Hagel Team Ltd.<\\\/strong><br \\\/><span>ul. Maragidik No 19 et. 2, ap. ofis 1<\\\/span><br \\\/><span>8000 Burgas, Bulgarien<\\\/span><\\\/p>\\n\n\n<p><span>Telefon: +49 (0) 30 22 399 52 816<\\\/span><br \\\/><span>E-Mail: info@hagel-team.com<\\\/span><\\\/p>\\n\n\n<p>Gesch\\u00e4ftsf\\u00fchrer:<br \\\/>Almin Bekti\\u0107<\\\/p>\\n\n\n<p><span>VAT (UID) auf Anfrage<\\\/span><\\\/p>\\n\n\n<p>Inhaltlich verantwortlich gem. \\u00a7 55 Absatz 2 MDStV:<br \\\/>Almin Bekti\\u0107 (Anschrift wie oben)<\\\/p>\\n\n\n<h5 class=\\\"uk-h4 uk-margin-small uk-margin-auto\\\">Online-Streitbeteiligung:<\\\/h5>\\n\n\n<p>Plattform der EU-Kommission zur Online-Streitbeilegung:<br \\\/><a href=\\\"http:\\\/\\\/www.ec.europa.eu\\\/consumers\\\/odr\\\">www.ec.europa.eu\\\/consumers\\\/odr<\\\/a><\\\/p>\",\"margin\":\"default\",\"maxwidth\":\"2xlarge\",\"text_align\":\"center\"}}]}]}],\"name\":\"Rechtstexte\"}],\"version\":\"4.5.15\"} --><\/p>\n","protected":false},"excerpt":{"rendered":"<p>Mentions l\u00e9gales Hagel Team Ltd.ul. Maragidik No 19 et. 2, ap. ofis 1 8000 Burgas, Bulgarie T\u00e9l\u00e9phone : +49 (0) 30 22 399 52 816Courrier \u00e9lectronique : info@hagel-team.com Directeur g\u00e9n\u00e9ral :Almin Bekti\u0107 VAT (UID) sur demande Responsable du contenu conform\u00e9ment au \u00a7 55 alin\u00e9a 2 MDStV :Almin Bekti\u0107 (adresse ci-dessus) Participation aux litiges en ligne [&hellip;]<\/p>\n","protected":false},"author":1,"featured_media":0,"parent":0,"menu_order":0,"comment_status":"closed","ping_status":"closed","template":"","meta":{"footnotes":""},"class_list":["post-596","page","type-page","status-publish","hentry"],"yoast_head":"<!-- This site is optimized with the Yoast SEO plugin v26.6 - https:\/\/yoast.com\/wordpress\/plugins\/seo\/ -->\n<title>Mentions l\u00e9gales - Hagel Team<\/title>\n<meta name=\"robots\" content=\"index, follow, max-snippet:-1, max-image-preview:large, max-video-preview:-1\" \/>\n<link rel=\"canonical\" href=\"https:\/\/hagel-team.com\/fr\/mentions-legales\/\" \/>\n<meta property=\"og:locale\" content=\"fr_FR\" \/>\n<meta property=\"og:type\" content=\"article\" \/>\n<meta property=\"og:title\" content=\"Mentions l\u00e9gales - Hagel Team\" \/>\n<meta property=\"og:description\" content=\"Mentions l\u00e9gales Hagel Team Ltd.ul. Maragidik No 19 et. 2, ap. ofis 1 8000 Burgas, Bulgarie T\u00e9l\u00e9phone : +49 (0) 30 22 399 52 816Courrier \u00e9lectronique : info@hagel-team.com Directeur g\u00e9n\u00e9ral :Almin Bekti\u0107 VAT (UID) sur demande Responsable du contenu conform\u00e9ment au \u00a7 55 alin\u00e9a 2 MDStV :Almin Bekti\u0107 (adresse ci-dessus) Participation aux litiges en ligne [&hellip;]\" \/>\n<meta property=\"og:url\" content=\"https:\/\/hagel-team.com\/fr\/mentions-legales\/\" \/>\n<meta property=\"og:site_name\" content=\"Hagel Team\" \/>\n<meta name=\"twitter:card\" content=\"summary_large_image\" \/>\n<script type=\"application\/ld+json\" class=\"yoast-schema-graph\">{\"@context\":\"https:\/\/schema.org\",\"@graph\":[{\"@type\":\"WebPage\",\"@id\":\"https:\/\/hagel-team.com\/fr\/mentions-legales\/\",\"url\":\"https:\/\/hagel-team.com\/fr\/mentions-legales\/\",\"name\":\"Mentions l\u00e9gales - Hagel Team\",\"isPartOf\":{\"@id\":\"https:\/\/hagel-team.com\/fr\/#website\"},\"datePublished\":\"2025-04-22T15:54:16+00:00\",\"breadcrumb\":{\"@id\":\"https:\/\/hagel-team.com\/fr\/mentions-legales\/#breadcrumb\"},\"inLanguage\":\"fr-FR\",\"potentialAction\":[{\"@type\":\"ReadAction\",\"target\":[\"https:\/\/hagel-team.com\/fr\/mentions-legales\/\"]}]},{\"@type\":\"BreadcrumbList\",\"@id\":\"https:\/\/hagel-team.com\/fr\/mentions-legales\/#breadcrumb\",\"itemListElement\":[{\"@type\":\"ListItem\",\"position\":1,\"name\":\"Startseite\",\"item\":\"https:\/\/hagel-team.com\/fr\/\"},{\"@type\":\"ListItem\",\"position\":2,\"name\":\"Mentions l\u00e9gales\"}]},{\"@type\":\"WebSite\",\"@id\":\"https:\/\/hagel-team.com\/fr\/#website\",\"url\":\"https:\/\/hagel-team.com\/fr\/\",\"name\":\"Hagel Team\",\"description\":\"R\u00e9paration efficace des dommages caus\u00e9s par la gr\u00eale sur les v\u00e9hicules\",\"potentialAction\":[{\"@type\":\"SearchAction\",\"target\":{\"@type\":\"EntryPoint\",\"urlTemplate\":\"https:\/\/hagel-team.com\/fr\/?s={search_term_string}\"},\"query-input\":{\"@type\":\"PropertyValueSpecification\",\"valueRequired\":true,\"valueName\":\"search_term_string\"}}],\"inLanguage\":\"fr-FR\"}]}<\/script>\n<!-- \/ Yoast SEO plugin. -->","yoast_head_json":{"title":"Mentions l\u00e9gales - Hagel Team","robots":{"index":"index","follow":"follow","max-snippet":"max-snippet:-1","max-image-preview":"max-image-preview:large","max-video-preview":"max-video-preview:-1"},"canonical":"https:\/\/hagel-team.com\/fr\/mentions-legales\/","og_locale":"fr_FR","og_type":"article","og_title":"Mentions l\u00e9gales - Hagel Team","og_description":"Mentions l\u00e9gales Hagel Team Ltd.ul. Maragidik No 19 et. 2, ap. ofis 1 8000 Burgas, Bulgarie T\u00e9l\u00e9phone : +49 (0) 30 22 399 52 816Courrier \u00e9lectronique : info@hagel-team.com Directeur g\u00e9n\u00e9ral :Almin Bekti\u0107 VAT (UID) sur demande Responsable du contenu conform\u00e9ment au \u00a7 55 alin\u00e9a 2 MDStV :Almin Bekti\u0107 (adresse ci-dessus) Participation aux litiges en ligne [&hellip;]","og_url":"https:\/\/hagel-team.com\/fr\/mentions-legales\/","og_site_name":"Hagel Team","twitter_card":"summary_large_image","schema":{"@context":"https:\/\/schema.org","@graph":[{"@type":"WebPage","@id":"https:\/\/hagel-team.com\/fr\/mentions-legales\/","url":"https:\/\/hagel-team.com\/fr\/mentions-legales\/","name":"Mentions l\u00e9gales - Hagel Team","isPartOf":{"@id":"https:\/\/hagel-team.com\/fr\/#website"},"datePublished":"2025-04-22T15:54:16+00:00","breadcrumb":{"@id":"https:\/\/hagel-team.com\/fr\/mentions-legales\/#breadcrumb"},"inLanguage":"fr-FR","potentialAction":[{"@type":"ReadAction","target":["https:\/\/hagel-team.com\/fr\/mentions-legales\/"]}]},{"@type":"BreadcrumbList","@id":"https:\/\/hagel-team.com\/fr\/mentions-legales\/#breadcrumb","itemListElement":[{"@type":"ListItem","position":1,"name":"Startseite","item":"https:\/\/hagel-team.com\/fr\/"},{"@type":"ListItem","position":2,"name":"Mentions l\u00e9gales"}]},{"@type":"WebSite","@id":"https:\/\/hagel-team.com\/fr\/#website","url":"https:\/\/hagel-team.com\/fr\/","name":"Hagel Team","description":"R\u00e9paration efficace des dommages caus\u00e9s par la gr\u00eale sur les v\u00e9hicules","potentialAction":[{"@type":"SearchAction","target":{"@type":"EntryPoint","urlTemplate":"https:\/\/hagel-team.com\/fr\/?s={search_term_string}"},"query-input":{"@type":"PropertyValueSpecification","valueRequired":true,"valueName":"search_term_string"}}],"inLanguage":"fr-FR"}]}},"_links":{"self":[{"href":"https:\/\/hagel-team.com\/fr\/wp-json\/wp\/v2\/pages\/596","targetHints":{"allow":["GET"]}}],"collection":[{"href":"https:\/\/hagel-team.com\/fr\/wp-json\/wp\/v2\/pages"}],"about":[{"href":"https:\/\/hagel-team.com\/fr\/wp-json\/wp\/v2\/types\/page"}],"author":[{"embeddable":true,"href":"https:\/\/hagel-team.com\/fr\/wp-json\/wp\/v2\/users\/1"}],"replies":[{"embeddable":true,"href":"https:\/\/hagel-team.com\/fr\/wp-json\/wp\/v2\/comments?post=596"}],"version-history":[{"count":0,"href":"https:\/\/hagel-team.com\/fr\/wp-json\/wp\/v2\/pages\/596\/revisions"}],"wp:attachment":[{"href":"https:\/\/hagel-team.com\/fr\/wp-json\/wp\/v2\/media?parent=596"}],"curies":[{"name":"wp","href":"https:\/\/api.w.org\/{rel}","templated":true}]}}