{"id":594,"date":"2025-06-16T16:38:40","date_gmt":"2025-06-16T15:38:40","guid":{"rendered":"https:\/\/hagel-team.com\/a-propos-de-nous\/"},"modified":"2025-06-19T23:28:58","modified_gmt":"2025-06-19T22:28:58","slug":"entreprise","status":"publish","type":"page","link":"https:\/\/hagel-team.com\/fr\/entreprise\/","title":{"rendered":"Entreprise"},"content":{"rendered":"<h1><span class=\"uk-badge uk-padding-small\">Enterprise<\/span><\/h1>\n<h2>Expert en gr\u00eale depuis le premier jour.<\/h2>\n<p><video src=\"\/wp-content\/uploads\/2025\/06\/hagelteam_hero_about.mp4\" poster=\"\"><\/video><\/p>\n<h2>\n<p>Mobile et sans fil. Pr\u00e9cis et pr\u00e9cis. Fiable.<\/p>\n<\/h2>\n<div>\n<p>Quand la gr\u00eale arrive, il faut faire vite &#8211; et \u00eatre fiable. C&rsquo;est exactement ce que nous repr\u00e9sentons avec notre nom. En tant qu&rsquo;\u00e9quipe sp\u00e9cialis\u00e9e de techniciens, de coordinateurs et de partenaires, nous nous occupons de la r\u00e9paration professionnelle des dommages caus\u00e9s par la gr\u00eale &#8211; de mani\u00e8re mobile, efficace et dans toute l&rsquo;Europe.<\/p>\n<p>Ce qui nous distingue, ce n&rsquo;est pas seulement l&rsquo;exp\u00e9rience, mais aussi l&rsquo;exigence de traiter chaque sinistre de mani\u00e8re propre, structur\u00e9e et transparente &#8211; du premier contact jusqu&rsquo;\u00e0 la remise du v\u00e9hicule r\u00e9par\u00e9. Nous travaillons en \u00e9troite collaboration avec les garages, les experts, les assurances et les clients de flottes et veillons \u00e0 ce que toutes les parties concern\u00e9es se rencontrent sans probl\u00e8me.<\/p>\n<p>Qu&rsquo;il s&rsquo;agisse de cas isol\u00e9s ou d&rsquo;\u00e9v\u00e9nements majeurs : Nous apportons la technique, la rapidit\u00e9 et le travail d&rsquo;\u00e9quipe l\u00e0 o\u00f9 ils sont n\u00e9cessaires. Et nous r\u00e9fl\u00e9chissons avec vous &#8211; dans l&rsquo;int\u00e9r\u00eat de vos processus, de vos clients et de votre temps.<\/p>\n<\/div>\n<p><p>\n        <a href=\"https:\/\/hagel-team.com\/fr\/services\/\">Nos services<\/a>\n    <\/p>\n<\/p>\n<h2>Vous avez besoin d&rsquo;aide en cas de dommages caus\u00e9s par la gr\u00eale ?<\/h2>\n<div>\n<p>Que vous soyez garagiste, concessionnaire automobile, assureur ou gestionnaire de flotte, nous sommes votre partenaire pour l&rsquo;\u00e9limination mobile des dommages dus \u00e0 la gr\u00eale.<\/p>\n<\/div>\n<div>\n<p>Comment nous rejoindre<\/p>\n<\/div>\n<div>\n<div class=\"uk-h4 uk-margin uk-margin-remove-bottom\" data-id=\"footer#1-0-1-1\" data-element=\"\"><a class=\"el-link uk-link-reset\" href=\"mailto:info@hagel-team.com\" target=\"_blank\" rel=\"noopener\">info@hagel-team.com<\/a><\/div>\n<div class=\"uk-h4 uk-margin uk-margin-remove-top\" data-id=\"footer#1-0-1-2\" data-element=\"\"><a class=\"el-link uk-link-reset\" href=\"tel:+49302239952816\" target=\"_blank\" rel=\"noopener\">+49 (0) 30 22 399 52 816<\/a><\/div>\n<\/div>\n<p><p>\n        <a href=\"https:\/\/api.whatsapp.com\/send\/?phone=491727127617\">D\u00e9clarer un sinistre<\/a>\n    <\/p>\n<\/p>\n<p><!--more--><br \/>\n<!-- {\"type\":\"layout\",\"children\":[{\"name\":\"Hero\",\"type\":\"section\",\"props\":{\"image_position\":\"center-center\",\"padding\":\"large\",\"padding_remove_bottom\":true,\"padding_remove_top\":true,\"style\":\"default\",\"title_breakpoint\":\"xl\",\"title_position\":\"top-left\",\"title_rotation\":\"left\",\"vertical_align\":\"\",\"width\":\"default\",\"width_expand\":\"right\"},\"children\":[{\"type\":\"row\",\"children\":[{\"type\":\"column\",\"props\":{\"css\":\"@media (min-width: 960px) {\\n    .el-column .uk-tile { padding-left: 0; }\\n}\",\"image_position\":\"center-center\",\"padding\":\"small\",\"position_sticky_breakpoint\":\"m\",\"style\":\"tile-default\",\"vertical_align\":\"middle\",\"width_medium\":\"1-3\"},\"children\":[{\"type\":\"headline\",\"props\":{\"content\":\"<span class=\\\"uk-badge uk-padding-small\\\">Enterprise<\\\/span>\",\"text_align\":\"left\",\"text_align_breakpoint\":\"m\",\"text_align_fallback\":\"center\",\"title_color\":\"primary\",\"title_element\":\"h1\",\"title_style\":\"h6\"}},{\"type\":\"headline\",\"props\":{\"block_align\":\"center\",\"content\":\"Expert en gr\\u00eale depuis le premier jour.\",\"margin\":\"remove-vertical\",\"maxwidth\":\"xlarge\",\"maxwidth_breakpoint\":\"s\",\"text_align\":\"left\",\"text_align_breakpoint\":\"m\",\"text_align_fallback\":\"center\",\"title_element\":\"h2\",\"title_style\":\"heading-small\"}}]},{\"type\":\"column\",\"props\":{\"image_position\":\"center-center\",\"position_sticky_breakpoint\":\"m\",\"width_medium\":\"2-3\"},\"children\":[{\"type\":\"video\",\"props\":{\"container_padding_remove\":true,\"css\":\"@media (max-width: 959px) {\\n    \\n    .el-element.uk-container-item-padding-remove-right {\\n        width: 100%;\\n        margin-right: 0;\\n    }\\n    \\n}\",\"margin\":\"default\",\"margin_remove_top\":true,\"position\":\"relative\",\"position_z_index\":\"1\",\"text_align\":\"right\",\"video\":\"wp-content\\\/uploads\\\/2025\\\/06\\\/hagelteam_hero_about.mp4\",\"video_autoplay\":true,\"video_controls\":false,\"video_lazyload\":false,\"video_loop\":true,\"video_playsinline\":true,\"video_width\":1300}}]}],\"props\":{\"column_gap\":\"collapse\",\"layout\":\"1-3,2-3\",\"row_gap\":\"collapse\",\"width\":\"large\",\"width_expand\":\"right\"}}]},{\"type\":\"section\",\"props\":{\"animation\":\"fade\",\"image_position\":\"center-center\",\"padding\":\"large\",\"style\":\"default\",\"title_breakpoint\":\"xl\",\"title_position\":\"top-left\",\"title_rotation\":\"left\",\"vertical_align\":\"\",\"width\":\"default\"},\"children\":[{\"type\":\"row\",\"children\":[{\"type\":\"column\",\"props\":{\"image_position\":\"center-center\",\"position_sticky_breakpoint\":\"m\",\"width_medium\":\"1-1\"},\"children\":[{\"type\":\"headline\",\"props\":{\"content\":\"\n\n<p>Mobile et sans fil. Pr\\u00e9cis et pr\\u00e9cis. Fiable.<\\\/p>\",\"title_element\":\"h2\"}},{\"type\":\"text\",\"props\":{\"animation\":\"none\",\"column\":\"1-2\",\"column_breakpoint\":\"m\",\"content\":\"\n\n<p>Quand la gr\\u00eale arrive, il faut faire vite - et \\u00eatre fiable. C'est exactement ce que nous repr\\u00e9sentons avec notre nom. En tant qu'\\u00e9quipe sp\\u00e9cialis\\u00e9e de techniciens, de coordinateurs et de partenaires, nous nous occupons de la r\\u00e9paration professionnelle des dommages caus\\u00e9s par la gr\\u00eale - de mani\\u00e8re mobile, efficace et dans toute l'Europe.<\\\/p>\\n\n\n<p>Ce qui nous distingue, ce n'est pas seulement l'exp\\u00e9rience, mais aussi l'exigence de traiter chaque sinistre de mani\\u00e8re propre, structur\\u00e9e et transparente - du premier contact jusqu'\\u00e0 la remise du v\\u00e9hicule r\\u00e9par\\u00e9. Nous travaillons en \\u00e9troite collaboration avec les garages, les experts, les assurances et les clients de flottes et veillons \\u00e0 ce que toutes les parties concern\\u00e9es se rencontrent sans probl\\u00e8me.<\\\/p>\\n\n\n<p>Qu'il s'agisse de cas isol\\u00e9s ou d'\\u00e9v\\u00e9nements majeurs : Nous apportons la technique, la rapidit\\u00e9 et le travail d'\\u00e9quipe l\\u00e0 o\\u00f9 ils sont n\\u00e9cessaires. Et nous r\\u00e9fl\\u00e9chissons avec vous - dans l'int\\u00e9r\\u00eat de vos processus, de vos clients et de votre temps.<\\\/p>\",\"margin\":\"medium\"}},{\"type\":\"button\",\"props\":{\"grid_column_gap\":\"small\",\"grid_row_gap\":\"small\",\"margin\":\"default\",\"text_align\":\"center\",\"text_align_breakpoint\":\"m\",\"text_align_fallback\":\"left\"},\"children\":[{\"type\":\"button_item\",\"props\":{\"button_style\":\"default\",\"content\":\"Nos services\",\"dialog_layout\":\"modal\",\"dialog_offcanvas_flip\":true,\"icon_align\":\"left\",\"link\":\"fr\\\/services\\\/\"}}]}]}]}],\"name\":\"About\"},{\"type\":\"section\",\"props\":{\"animation\":\"slide-bottom-small\",\"id\":\"cta\",\"image_position\":\"center-center\",\"image_size\":\"cover\",\"media_focal_point\":\"top-center\",\"media_overlay\":\"hsla(0, 0%, 100%, 0.8)\",\"padding\":\"large\",\"style\":\"muted\",\"title_breakpoint\":\"xl\",\"title_position\":\"top-left\",\"title_rotation\":\"left\",\"vertical_align\":\"\",\"width\":\"default\"},\"children\":[{\"type\":\"row\",\"props\":{\"column_gap\":\"large\"},\"children\":[{\"type\":\"column\",\"props\":{\"image_position\":\"center-center\",\"position_sticky_breakpoint\":\"m\",\"vertical_align\":\"middle\"},\"children\":[{\"type\":\"headline\",\"props\":{\"content\":\"Vous avez besoin d'aide en cas de dommages caus\\u00e9s par la gr\\u00eale ?\",\"position\":\"relative\",\"position_z_index\":\"3\",\"text_align\":\"center\",\"title_element\":\"h2\"}},{\"type\":\"text\",\"props\":{\"block_align\":\"center\",\"column_breakpoint\":\"m\",\"content\":\"\n\n<p>Que vous soyez garagiste, concessionnaire automobile, assureur ou gestionnaire de flotte, nous sommes votre partenaire pour l'\\u00e9limination mobile des dommages dus \\u00e0 la gr\\u00eale.<\\\/p>\",\"margin\":\"medium\",\"maxwidth\":\"xlarge\",\"text_align\":\"center\",\"text_style\":\"lead\"}},{\"type\":\"text\",\"props\":{\"column_breakpoint\":\"m\",\"content\":\"\n\n<p>Comment nous rejoindre<\\\/p>\",\"margin\":\"large\",\"margin_remove_bottom\":true,\"text_align\":\"center\"}},{\"type\":\"text\",\"props\":{\"column_breakpoint\":\"m\",\"content\":\"\n\n<div class=\\\"uk-h4 uk-margin uk-margin-remove-bottom\\\" data-id=\\\"footer#1-0-1-1\\\" data-element=\\\"\\\"><a class=\\\"el-link uk-link-reset\\\" href=\\\"mailto:info@hagel-team.com\\\" target=\\\"_blank\\\" rel=\\\"noopener\\\">info@hagel-team.com<\\\/a><\\\/div>\\n\n\n<div class=\\\"uk-h4 uk-margin uk-margin-remove-top\\\" data-id=\\\"footer#1-0-1-2\\\" data-element=\\\"\\\"><a class=\\\"el-link uk-link-reset\\\" href=\\\"tel:+49302239952816\\\" target=\\\"_blank\\\" rel=\\\"noopener\\\">+49 (0) 30 22 399 52 816<\\\/a><\\\/div>\",\"margin\":\"default\",\"text_align\":\"center\",\"text_style\":\"lead\"}},{\"type\":\"button\",\"props\":{\"grid_column_gap\":\"small\",\"grid_row_gap\":\"small\",\"margin\":\"default\",\"text_align\":\"center\"},\"children\":[{\"type\":\"button_item\",\"props\":{\"button_style\":\"primary\",\"content\":\"D\\u00e9clarer un sinistre\",\"dialog_layout\":\"modal\",\"dialog_offcanvas_flip\":true,\"icon\":\"whatsapp\",\"icon_align\":\"left\",\"link\":\"https:\\\/\\\/api.whatsapp.com\\\/send\\\/?phone=491727127617\",\"link_target\":\"blank\"}}]}]}]}],\"name\":\"Call to Action FR\"}],\"version\":\"4.5.20\"} --><\/p>\n","protected":false},"excerpt":{"rendered":"<p>Enterprise Expert en gr\u00eale depuis le premier jour. Mobile et sans fil. Pr\u00e9cis et pr\u00e9cis. Fiable. Quand la gr\u00eale arrive, il faut faire vite &#8211; et \u00eatre fiable. C&rsquo;est exactement ce que nous repr\u00e9sentons avec notre nom. En tant qu&rsquo;\u00e9quipe sp\u00e9cialis\u00e9e de techniciens, de coordinateurs et de partenaires, nous nous occupons de la r\u00e9paration professionnelle [&hellip;]<\/p>\n","protected":false},"author":1,"featured_media":0,"parent":0,"menu_order":0,"comment_status":"closed","ping_status":"closed","template":"","meta":{"footnotes":""},"class_list":["post-594","page","type-page","status-publish","hentry"],"yoast_head":"<!-- This site is optimized with the Yoast SEO plugin v26.6 - https:\/\/yoast.com\/wordpress\/plugins\/seo\/ -->\n<title>Entreprise - Hagel Team<\/title>\n<meta name=\"robots\" content=\"index, follow, max-snippet:-1, max-image-preview:large, max-video-preview:-1\" \/>\n<link rel=\"canonical\" href=\"https:\/\/hagel-team.com\/fr\/entreprise\/\" \/>\n<meta property=\"og:locale\" content=\"fr_FR\" \/>\n<meta property=\"og:type\" content=\"article\" \/>\n<meta property=\"og:title\" content=\"Entreprise - Hagel Team\" \/>\n<meta property=\"og:description\" content=\"Enterprise Expert en gr\u00eale depuis le premier jour. Mobile et sans fil. Pr\u00e9cis et pr\u00e9cis. Fiable. Quand la gr\u00eale arrive, il faut faire vite &#8211; et \u00eatre fiable. C&rsquo;est exactement ce que nous repr\u00e9sentons avec notre nom. En tant qu&rsquo;\u00e9quipe sp\u00e9cialis\u00e9e de techniciens, de coordinateurs et de partenaires, nous nous occupons de la r\u00e9paration professionnelle [&hellip;]\" \/>\n<meta property=\"og:url\" content=\"https:\/\/hagel-team.com\/fr\/entreprise\/\" \/>\n<meta property=\"og:site_name\" content=\"Hagel Team\" \/>\n<meta property=\"article:modified_time\" content=\"2025-06-19T22:28:58+00:00\" \/>\n<meta name=\"twitter:card\" content=\"summary_large_image\" \/>\n<meta name=\"twitter:label1\" content=\"Dur\u00e9e de lecture estim\u00e9e\" \/>\n\t<meta name=\"twitter:data1\" content=\"1 minute\" \/>\n<script type=\"application\/ld+json\" class=\"yoast-schema-graph\">{\"@context\":\"https:\/\/schema.org\",\"@graph\":[{\"@type\":\"WebPage\",\"@id\":\"https:\/\/hagel-team.com\/fr\/entreprise\/\",\"url\":\"https:\/\/hagel-team.com\/fr\/entreprise\/\",\"name\":\"Entreprise - Hagel Team\",\"isPartOf\":{\"@id\":\"https:\/\/hagel-team.com\/fr\/#website\"},\"datePublished\":\"2025-06-16T15:38:40+00:00\",\"dateModified\":\"2025-06-19T22:28:58+00:00\",\"breadcrumb\":{\"@id\":\"https:\/\/hagel-team.com\/fr\/entreprise\/#breadcrumb\"},\"inLanguage\":\"fr-FR\",\"potentialAction\":[{\"@type\":\"ReadAction\",\"target\":[\"https:\/\/hagel-team.com\/fr\/entreprise\/\"]}]},{\"@type\":\"BreadcrumbList\",\"@id\":\"https:\/\/hagel-team.com\/fr\/entreprise\/#breadcrumb\",\"itemListElement\":[{\"@type\":\"ListItem\",\"position\":1,\"name\":\"Startseite\",\"item\":\"https:\/\/hagel-team.com\/fr\/\"},{\"@type\":\"ListItem\",\"position\":2,\"name\":\"Entreprise\"}]},{\"@type\":\"WebSite\",\"@id\":\"https:\/\/hagel-team.com\/fr\/#website\",\"url\":\"https:\/\/hagel-team.com\/fr\/\",\"name\":\"Hagel Team\",\"description\":\"R\u00e9paration efficace des dommages caus\u00e9s par la gr\u00eale sur les v\u00e9hicules\",\"potentialAction\":[{\"@type\":\"SearchAction\",\"target\":{\"@type\":\"EntryPoint\",\"urlTemplate\":\"https:\/\/hagel-team.com\/fr\/?s={search_term_string}\"},\"query-input\":{\"@type\":\"PropertyValueSpecification\",\"valueRequired\":true,\"valueName\":\"search_term_string\"}}],\"inLanguage\":\"fr-FR\"}]}<\/script>\n<!-- \/ Yoast SEO plugin. -->","yoast_head_json":{"title":"Entreprise - Hagel Team","robots":{"index":"index","follow":"follow","max-snippet":"max-snippet:-1","max-image-preview":"max-image-preview:large","max-video-preview":"max-video-preview:-1"},"canonical":"https:\/\/hagel-team.com\/fr\/entreprise\/","og_locale":"fr_FR","og_type":"article","og_title":"Entreprise - Hagel Team","og_description":"Enterprise Expert en gr\u00eale depuis le premier jour. Mobile et sans fil. Pr\u00e9cis et pr\u00e9cis. Fiable. Quand la gr\u00eale arrive, il faut faire vite &#8211; et \u00eatre fiable. C&rsquo;est exactement ce que nous repr\u00e9sentons avec notre nom. En tant qu&rsquo;\u00e9quipe sp\u00e9cialis\u00e9e de techniciens, de coordinateurs et de partenaires, nous nous occupons de la r\u00e9paration professionnelle [&hellip;]","og_url":"https:\/\/hagel-team.com\/fr\/entreprise\/","og_site_name":"Hagel Team","article_modified_time":"2025-06-19T22:28:58+00:00","twitter_card":"summary_large_image","twitter_misc":{"Dur\u00e9e de lecture estim\u00e9e":"1 minute"},"schema":{"@context":"https:\/\/schema.org","@graph":[{"@type":"WebPage","@id":"https:\/\/hagel-team.com\/fr\/entreprise\/","url":"https:\/\/hagel-team.com\/fr\/entreprise\/","name":"Entreprise - Hagel Team","isPartOf":{"@id":"https:\/\/hagel-team.com\/fr\/#website"},"datePublished":"2025-06-16T15:38:40+00:00","dateModified":"2025-06-19T22:28:58+00:00","breadcrumb":{"@id":"https:\/\/hagel-team.com\/fr\/entreprise\/#breadcrumb"},"inLanguage":"fr-FR","potentialAction":[{"@type":"ReadAction","target":["https:\/\/hagel-team.com\/fr\/entreprise\/"]}]},{"@type":"BreadcrumbList","@id":"https:\/\/hagel-team.com\/fr\/entreprise\/#breadcrumb","itemListElement":[{"@type":"ListItem","position":1,"name":"Startseite","item":"https:\/\/hagel-team.com\/fr\/"},{"@type":"ListItem","position":2,"name":"Entreprise"}]},{"@type":"WebSite","@id":"https:\/\/hagel-team.com\/fr\/#website","url":"https:\/\/hagel-team.com\/fr\/","name":"Hagel Team","description":"R\u00e9paration efficace des dommages caus\u00e9s par la gr\u00eale sur les v\u00e9hicules","potentialAction":[{"@type":"SearchAction","target":{"@type":"EntryPoint","urlTemplate":"https:\/\/hagel-team.com\/fr\/?s={search_term_string}"},"query-input":{"@type":"PropertyValueSpecification","valueRequired":true,"valueName":"search_term_string"}}],"inLanguage":"fr-FR"}]}},"_links":{"self":[{"href":"https:\/\/hagel-team.com\/fr\/wp-json\/wp\/v2\/pages\/594","targetHints":{"allow":["GET"]}}],"collection":[{"href":"https:\/\/hagel-team.com\/fr\/wp-json\/wp\/v2\/pages"}],"about":[{"href":"https:\/\/hagel-team.com\/fr\/wp-json\/wp\/v2\/types\/page"}],"author":[{"embeddable":true,"href":"https:\/\/hagel-team.com\/fr\/wp-json\/wp\/v2\/users\/1"}],"replies":[{"embeddable":true,"href":"https:\/\/hagel-team.com\/fr\/wp-json\/wp\/v2\/comments?post=594"}],"version-history":[{"count":3,"href":"https:\/\/hagel-team.com\/fr\/wp-json\/wp\/v2\/pages\/594\/revisions"}],"predecessor-version":[{"id":681,"href":"https:\/\/hagel-team.com\/fr\/wp-json\/wp\/v2\/pages\/594\/revisions\/681"}],"wp:attachment":[{"href":"https:\/\/hagel-team.com\/fr\/wp-json\/wp\/v2\/media?parent=594"}],"curies":[{"name":"wp","href":"https:\/\/api.w.org\/{rel}","templated":true}]}}