{"id":592,"date":"2025-06-17T14:25:39","date_gmt":"2025-06-17T13:25:39","guid":{"rendered":"https:\/\/hagel-team.com\/declarer-un-sinistre\/"},"modified":"2025-06-19T23:27:05","modified_gmt":"2025-06-19T22:27:05","slug":"declarer-un-sinistre","status":"publish","type":"page","link":"https:\/\/hagel-team.com\/fr\/declarer-un-sinistre\/","title":{"rendered":"D\u00e9clarer un sinistre"},"content":{"rendered":"<h1><span class=\"uk-badge uk-padding-small\">D\u00e9clarer un sinistre<\/span><\/h1>\n<h2>Prendre contact maintenant.<\/h2>\n<div>\n<p>Vous avez d\u00e9couvert un dommage de gr\u00eale ? Alors prenez contact avec nous d\u00e8s maintenant, de la mani\u00e8re la plus simple pour vous. Notre \u00e9quipe est pr\u00eate \u00e0 vous aider rapidement &#8211; par e-mail, t\u00e9l\u00e9phone ou directement via WhatsApp.<\/p>\n<\/div>\n<ul>\n<li>\n<h3>info@hagel-team.com<\/h3>\n<p>E-Mail<\/p>\n<div>\n<p>Wir koordinieren einen zeitnahen Reparaturtermin \u2013 flexibel in einem unserer Partnerbetriebe oder direkt bei Ihnen vor Ort. Auf Wunsch \u00fcbernehmen wir die komplette Abstimmung mit Ihrer Versicherung.<\/p>\n<\/div>\n<p><a href=\"mailto:info@hagel-team.com\">Envoyer un e-mail<\/a><\/p>\n<\/li>\n<li>\n<h3>+49 (0) 30 22 399 52 816<\/h3>\n<p>T\u00e9l\u00e9phone<\/p>\n<div>\n<p>Melden Sie den Hagelschaden unkompliziert per Telefon, E-Mail oder direkt \u00fcber WhatsApp. Unser erfahrenes Team nimmt alle wichtigen Informationen auf und ber\u00e4t Sie \u00fcber die n\u00e4chsten Schritte.<\/p>\n<\/div>\n<p><a href=\"tel:+49302239952816\">Appeler maintenant<\/a><\/p>\n<\/li>\n<li>\n<h3>+49 (0) 172 7 127 617<\/h3>\n<p>Whatsapp<\/p>\n<div>\n<p data-start=\"885\" data-end=\"1092\" class=\"\">Unsere zertifizierten Techniker setzen Ihr Fahrzeug mit modernsten, lackschonenden Verfahren instand. Pr\u00e4zise Arbeit, h\u00f6chste Qualit\u00e4tsstandards und vollst\u00e4ndige Dokumentation sichern ein optimales Ergebnis.<\/p>\n<\/div>\n<p><a href=\"https:\/\/api.whatsapp.com\/send\/?phone=491727127617\">Envoyer un message<\/a><\/p>\n<\/li>\n<\/ul>\n<p><!--more--><br \/>\n<!-- {\"type\":\"layout\",\"children\":[{\"type\":\"section\",\"props\":{\"image_position\":\"center-center\",\"padding\":\"large\",\"style\":\"default\",\"title_breakpoint\":\"xl\",\"title_position\":\"top-left\",\"title_rotation\":\"left\",\"vertical_align\":\"middle\",\"width\":\"default\"},\"children\":[{\"type\":\"row\",\"children\":[{\"type\":\"column\",\"props\":{\"image_position\":\"center-center\",\"position_sticky_breakpoint\":\"m\"},\"children\":[{\"type\":\"headline\",\"props\":{\"content\":\"<span class=\\\"uk-badge uk-padding-small\\\">D\\u00e9clarer un sinistre<\\\/span>\",\"text_align\":\"center\",\"title_element\":\"h1\"}},{\"type\":\"headline\",\"props\":{\"content\":\"Prendre contact maintenant.\",\"margin_remove_top\":true,\"text_align\":\"center\",\"title_element\":\"h2\",\"title_style\":\"heading-small\"}},{\"type\":\"text\",\"props\":{\"block_align\":\"center\",\"column_breakpoint\":\"m\",\"content\":\"\n\n<p>Vous avez d\\u00e9couvert un dommage de gr\\u00eale ? Alors prenez contact avec nous d\\u00e8s maintenant, de la mani\\u00e8re la plus simple pour vous. Notre \\u00e9quipe est pr\\u00eate \\u00e0 vous aider rapidement - par e-mail, t\\u00e9l\\u00e9phone ou directement via WhatsApp.<\\\/p>\",\"margin\":\"default\",\"maxwidth\":\"2xlarge\",\"text_align\":\"center\",\"text_style\":\"lead\"}},{\"type\":\"grid\",\"props\":{\"content_column_breakpoint\":\"m\",\"content_style\":\"text-small\",\"filter_align\":\"left\",\"filter_all\":true,\"filter_grid_breakpoint\":\"m\",\"filter_grid_width\":\"auto\",\"filter_position\":\"top\",\"filter_style\":\"tab\",\"grid_default\":\"1\",\"grid_divider\":false,\"grid_medium\":\"3\",\"icon_width\":\"50\",\"image_align\":\"top\",\"image_grid_breakpoint\":\"m\",\"image_grid_width\":\"1-2\",\"image_svg_color\":\"emphasis\",\"image_width\":75,\"item_animation\":true,\"lightbox_bg_close\":true,\"link_style\":\"default\",\"link_target\":true,\"link_text\":\"Read more\",\"margin\":\"large\",\"meta_align\":\"above-title\",\"meta_element\":\"div\",\"meta_style\":\"text-meta\",\"panel_padding\":\"default\",\"show_content\":false,\"show_hover_image\":true,\"show_hover_video\":true,\"show_image\":true,\"show_link\":true,\"show_meta\":true,\"show_title\":true,\"show_video\":true,\"text_align\":\"center\",\"title_align\":\"top\",\"title_element\":\"h3\",\"title_grid_breakpoint\":\"m\",\"title_grid_width\":\"1-2\",\"title_hover_style\":\"reset\"},\"children\":[{\"type\":\"grid_item\",\"props\":{\"content\":\"\n\n<p>Wir koordinieren einen zeitnahen Reparaturtermin \\u2013 flexibel in einem unserer Partnerbetriebe oder direkt bei Ihnen vor Ort. Auf Wunsch \\u00fcbernehmen wir die komplette Abstimmung mit Ihrer Versicherung.<\\\/p>\",\"icon\":\"mail\",\"image\":\"\",\"link\":\"mailto:info@hagel-team.com\",\"link_text\":\"Envoyer un e-mail\",\"meta\":\"E-Mail\",\"panel_style\":\"tile-primary\",\"title\":\"info@hagel-team.com\"}},{\"type\":\"grid_item\",\"props\":{\"content\":\"\n\n<p>Melden Sie den Hagelschaden unkompliziert per Telefon, E-Mail oder direkt \\u00fcber WhatsApp. Unser erfahrenes Team nimmt alle wichtigen Informationen auf und ber\\u00e4t Sie \\u00fcber die n\\u00e4chsten Schritte.<\\\/p>\",\"icon\":\"receiver\",\"image\":\"\",\"link\":\"tel:+49302239952816\",\"link_text\":\"Appeler maintenant\",\"meta\":\"T\\u00e9l\\u00e9phone\",\"panel_style\":\"tile-muted\",\"title\":\"+49 (0) 30 22 399 52 816\"}},{\"type\":\"grid_item\",\"props\":{\"content\":\"\n\n<p data-start=\\\"885\\\" data-end=\\\"1092\\\" class=\\\"\\\">Unsere zertifizierten Techniker setzen Ihr Fahrzeug mit modernsten, lackschonenden Verfahren instand. Pr\\u00e4zise Arbeit, h\\u00f6chste Qualit\\u00e4tsstandards und vollst\\u00e4ndige Dokumentation sichern ein optimales Ergebnis.<\\\/p>\",\"icon\":\"whatsapp\",\"image\":\"\",\"link\":\"https:\\\/\\\/api.whatsapp.com\\\/send\\\/?phone=491727127617\",\"link_text\":\"Envoyer un message\",\"meta\":\"Whatsapp\",\"panel_style\":\"tile-secondary\",\"title\":\"+49 (0) 172 7 127 617\"}}],\"name\":\"griiid\"}]}]}]}],\"version\":\"4.5.20\"} --><\/p>\n","protected":false},"excerpt":{"rendered":"<p>D\u00e9clarer un sinistre Prendre contact maintenant. Vous avez d\u00e9couvert un dommage de gr\u00eale ? Alors prenez contact avec nous d\u00e8s maintenant, de la mani\u00e8re la plus simple pour vous. Notre \u00e9quipe est pr\u00eate \u00e0 vous aider rapidement &#8211; par e-mail, t\u00e9l\u00e9phone ou directement via WhatsApp. info@hagel-team.com E-Mail Wir koordinieren einen zeitnahen Reparaturtermin \u2013 flexibel in [&hellip;]<\/p>\n","protected":false},"author":1,"featured_media":0,"parent":0,"menu_order":0,"comment_status":"closed","ping_status":"closed","template":"","meta":{"footnotes":""},"class_list":["post-592","page","type-page","status-publish","hentry"],"yoast_head":"<!-- This site is optimized with the Yoast SEO plugin v26.6 - https:\/\/yoast.com\/wordpress\/plugins\/seo\/ -->\n<title>D\u00e9clarer un sinistre - Hagel Team<\/title>\n<meta name=\"robots\" content=\"index, follow, max-snippet:-1, max-image-preview:large, max-video-preview:-1\" \/>\n<link rel=\"canonical\" href=\"https:\/\/hagel-team.com\/fr\/declarer-un-sinistre\/\" \/>\n<meta property=\"og:locale\" content=\"fr_FR\" \/>\n<meta property=\"og:type\" content=\"article\" \/>\n<meta property=\"og:title\" content=\"D\u00e9clarer un sinistre - Hagel Team\" \/>\n<meta property=\"og:description\" content=\"D\u00e9clarer un sinistre Prendre contact maintenant. Vous avez d\u00e9couvert un dommage de gr\u00eale ? Alors prenez contact avec nous d\u00e8s maintenant, de la mani\u00e8re la plus simple pour vous. Notre \u00e9quipe est pr\u00eate \u00e0 vous aider rapidement &#8211; par e-mail, t\u00e9l\u00e9phone ou directement via WhatsApp. info@hagel-team.com E-Mail Wir koordinieren einen zeitnahen Reparaturtermin \u2013 flexibel in [&hellip;]\" \/>\n<meta property=\"og:url\" content=\"https:\/\/hagel-team.com\/fr\/declarer-un-sinistre\/\" \/>\n<meta property=\"og:site_name\" content=\"Hagel Team\" \/>\n<meta property=\"article:modified_time\" content=\"2025-06-19T22:27:05+00:00\" \/>\n<meta name=\"twitter:card\" content=\"summary_large_image\" \/>\n<meta name=\"twitter:label1\" content=\"Dur\u00e9e de lecture estim\u00e9e\" \/>\n\t<meta name=\"twitter:data1\" content=\"1 minute\" \/>\n<script type=\"application\/ld+json\" class=\"yoast-schema-graph\">{\"@context\":\"https:\/\/schema.org\",\"@graph\":[{\"@type\":\"WebPage\",\"@id\":\"https:\/\/hagel-team.com\/fr\/declarer-un-sinistre\/\",\"url\":\"https:\/\/hagel-team.com\/fr\/declarer-un-sinistre\/\",\"name\":\"D\u00e9clarer un sinistre - Hagel Team\",\"isPartOf\":{\"@id\":\"https:\/\/hagel-team.com\/fr\/#website\"},\"datePublished\":\"2025-06-17T13:25:39+00:00\",\"dateModified\":\"2025-06-19T22:27:05+00:00\",\"breadcrumb\":{\"@id\":\"https:\/\/hagel-team.com\/fr\/declarer-un-sinistre\/#breadcrumb\"},\"inLanguage\":\"fr-FR\",\"potentialAction\":[{\"@type\":\"ReadAction\",\"target\":[\"https:\/\/hagel-team.com\/fr\/declarer-un-sinistre\/\"]}]},{\"@type\":\"BreadcrumbList\",\"@id\":\"https:\/\/hagel-team.com\/fr\/declarer-un-sinistre\/#breadcrumb\",\"itemListElement\":[{\"@type\":\"ListItem\",\"position\":1,\"name\":\"Startseite\",\"item\":\"https:\/\/hagel-team.com\/fr\/\"},{\"@type\":\"ListItem\",\"position\":2,\"name\":\"D\u00e9clarer un sinistre\"}]},{\"@type\":\"WebSite\",\"@id\":\"https:\/\/hagel-team.com\/fr\/#website\",\"url\":\"https:\/\/hagel-team.com\/fr\/\",\"name\":\"Hagel Team\",\"description\":\"R\u00e9paration efficace des dommages caus\u00e9s par la gr\u00eale sur les v\u00e9hicules\",\"potentialAction\":[{\"@type\":\"SearchAction\",\"target\":{\"@type\":\"EntryPoint\",\"urlTemplate\":\"https:\/\/hagel-team.com\/fr\/?s={search_term_string}\"},\"query-input\":{\"@type\":\"PropertyValueSpecification\",\"valueRequired\":true,\"valueName\":\"search_term_string\"}}],\"inLanguage\":\"fr-FR\"}]}<\/script>\n<!-- \/ Yoast SEO plugin. -->","yoast_head_json":{"title":"D\u00e9clarer un sinistre - Hagel Team","robots":{"index":"index","follow":"follow","max-snippet":"max-snippet:-1","max-image-preview":"max-image-preview:large","max-video-preview":"max-video-preview:-1"},"canonical":"https:\/\/hagel-team.com\/fr\/declarer-un-sinistre\/","og_locale":"fr_FR","og_type":"article","og_title":"D\u00e9clarer un sinistre - Hagel Team","og_description":"D\u00e9clarer un sinistre Prendre contact maintenant. Vous avez d\u00e9couvert un dommage de gr\u00eale ? Alors prenez contact avec nous d\u00e8s maintenant, de la mani\u00e8re la plus simple pour vous. Notre \u00e9quipe est pr\u00eate \u00e0 vous aider rapidement &#8211; par e-mail, t\u00e9l\u00e9phone ou directement via WhatsApp. info@hagel-team.com E-Mail Wir koordinieren einen zeitnahen Reparaturtermin \u2013 flexibel in [&hellip;]","og_url":"https:\/\/hagel-team.com\/fr\/declarer-un-sinistre\/","og_site_name":"Hagel Team","article_modified_time":"2025-06-19T22:27:05+00:00","twitter_card":"summary_large_image","twitter_misc":{"Dur\u00e9e de lecture estim\u00e9e":"1 minute"},"schema":{"@context":"https:\/\/schema.org","@graph":[{"@type":"WebPage","@id":"https:\/\/hagel-team.com\/fr\/declarer-un-sinistre\/","url":"https:\/\/hagel-team.com\/fr\/declarer-un-sinistre\/","name":"D\u00e9clarer un sinistre - Hagel Team","isPartOf":{"@id":"https:\/\/hagel-team.com\/fr\/#website"},"datePublished":"2025-06-17T13:25:39+00:00","dateModified":"2025-06-19T22:27:05+00:00","breadcrumb":{"@id":"https:\/\/hagel-team.com\/fr\/declarer-un-sinistre\/#breadcrumb"},"inLanguage":"fr-FR","potentialAction":[{"@type":"ReadAction","target":["https:\/\/hagel-team.com\/fr\/declarer-un-sinistre\/"]}]},{"@type":"BreadcrumbList","@id":"https:\/\/hagel-team.com\/fr\/declarer-un-sinistre\/#breadcrumb","itemListElement":[{"@type":"ListItem","position":1,"name":"Startseite","item":"https:\/\/hagel-team.com\/fr\/"},{"@type":"ListItem","position":2,"name":"D\u00e9clarer un sinistre"}]},{"@type":"WebSite","@id":"https:\/\/hagel-team.com\/fr\/#website","url":"https:\/\/hagel-team.com\/fr\/","name":"Hagel Team","description":"R\u00e9paration efficace des dommages caus\u00e9s par la gr\u00eale sur les v\u00e9hicules","potentialAction":[{"@type":"SearchAction","target":{"@type":"EntryPoint","urlTemplate":"https:\/\/hagel-team.com\/fr\/?s={search_term_string}"},"query-input":{"@type":"PropertyValueSpecification","valueRequired":true,"valueName":"search_term_string"}}],"inLanguage":"fr-FR"}]}},"_links":{"self":[{"href":"https:\/\/hagel-team.com\/fr\/wp-json\/wp\/v2\/pages\/592","targetHints":{"allow":["GET"]}}],"collection":[{"href":"https:\/\/hagel-team.com\/fr\/wp-json\/wp\/v2\/pages"}],"about":[{"href":"https:\/\/hagel-team.com\/fr\/wp-json\/wp\/v2\/types\/page"}],"author":[{"embeddable":true,"href":"https:\/\/hagel-team.com\/fr\/wp-json\/wp\/v2\/users\/1"}],"replies":[{"embeddable":true,"href":"https:\/\/hagel-team.com\/fr\/wp-json\/wp\/v2\/comments?post=592"}],"version-history":[{"count":2,"href":"https:\/\/hagel-team.com\/fr\/wp-json\/wp\/v2\/pages\/592\/revisions"}],"predecessor-version":[{"id":679,"href":"https:\/\/hagel-team.com\/fr\/wp-json\/wp\/v2\/pages\/592\/revisions\/679"}],"wp:attachment":[{"href":"https:\/\/hagel-team.com\/fr\/wp-json\/wp\/v2\/media?parent=592"}],"curies":[{"name":"wp","href":"https:\/\/api.w.org\/{rel}","templated":true}]}}