{"id":595,"date":"2025-06-17T14:25:39","date_gmt":"2025-06-17T13:25:39","guid":{"rendered":"https:\/\/hagel-team.com\/report-damage\/"},"modified":"2025-06-19T18:47:42","modified_gmt":"2025-06-19T17:47:42","slug":"report-damage","status":"publish","type":"page","link":"https:\/\/hagel-team.com\/en\/report-damage\/","title":{"rendered":"Report damage"},"content":{"rendered":"<h1><span class=\"uk-badge uk-padding-small\">Report damage<\/span><\/h1>\n<h2>Get in touch now.<\/h2>\n<div>\n<p>Have you discovered hail damage? Then get in touch with us now &#8211; in whatever way is easiest for you. Our team is ready to help you quickly &#8211; by email, phone or directly via WhatsApp.<\/p>\n<\/div>\n<ul>\n<li>\n<h3>info@hagel-team.com<\/h3>\n<p>E-Mail<\/p>\n<div>\n<p>We coordinate a prompt repair appointment &#8211; flexibly at one of our partner companies or directly at your premises. On request, we can take care of all the coordination with your insurance company.<\/p>\n<\/div>\n<p><a href=\"mailto:info@hagel-team.com\">Sent e-mail<\/a><\/p>\n<\/li>\n<li>\n<h3>+49 (0) 30 22 399 52 816<\/h3>\n<p>Phone<\/p>\n<div>\n<p>Report the hail damage easily by phone, email or directly via WhatsApp. Our experienced team will take down all the important information and advise you on the next steps.<\/p>\n<\/div>\n<p><a href=\"tel:+49302239952816\">Call now<\/a><\/p>\n<\/li>\n<li>\n<h3>+49 (0) 172 7 127 617<\/h3>\n<p>Whatsapp<\/p>\n<div>\n<p data-start=\"885\" data-end=\"1092\" class=\"\">Unsere zertifizierten Techniker setzen Ihr Fahrzeug mit modernsten, lackschonenden Verfahren instand. Pr\u00e4zise Arbeit, h\u00f6chste Qualit\u00e4tsstandards und vollst\u00e4ndige Dokumentation sichern ein optimales Ergebnis.<\/p>\n<\/div>\n<p><a href=\"https:\/\/api.whatsapp.com\/send\/?phone=491727127617\">Sent message<\/a><\/p>\n<\/li>\n<\/ul>\n<p><!--more--><br \/>\n<!-- {\"type\":\"layout\",\"children\":[{\"type\":\"section\",\"props\":{\"image_position\":\"center-center\",\"padding\":\"large\",\"style\":\"default\",\"title_breakpoint\":\"xl\",\"title_position\":\"top-left\",\"title_rotation\":\"left\",\"vertical_align\":\"middle\",\"width\":\"default\"},\"children\":[{\"type\":\"row\",\"children\":[{\"type\":\"column\",\"props\":{\"image_position\":\"center-center\",\"position_sticky_breakpoint\":\"m\"},\"children\":[{\"type\":\"headline\",\"props\":{\"content\":\"<span class=\\\"uk-badge uk-padding-small\\\">Report damage<\\\/span>\",\"text_align\":\"center\",\"title_element\":\"h1\"}},{\"type\":\"headline\",\"props\":{\"content\":\"Get in touch now.\",\"margin_remove_top\":true,\"text_align\":\"center\",\"title_element\":\"h2\",\"title_style\":\"heading-small\"}},{\"type\":\"text\",\"props\":{\"block_align\":\"center\",\"column_breakpoint\":\"m\",\"content\":\"\n\n<p>Have you discovered hail damage? Then get in touch with us now - in whatever way is easiest for you. Our team is ready to help you quickly - by email, phone or directly via WhatsApp.<\\\/p>\",\"margin\":\"default\",\"maxwidth\":\"2xlarge\",\"text_align\":\"center\",\"text_style\":\"lead\"}},{\"type\":\"grid\",\"props\":{\"content_column_breakpoint\":\"m\",\"content_style\":\"text-small\",\"filter_align\":\"left\",\"filter_all\":true,\"filter_grid_breakpoint\":\"m\",\"filter_grid_width\":\"auto\",\"filter_position\":\"top\",\"filter_style\":\"tab\",\"grid_default\":\"1\",\"grid_divider\":false,\"grid_medium\":\"3\",\"icon_width\":\"50\",\"image_align\":\"top\",\"image_grid_breakpoint\":\"m\",\"image_grid_width\":\"1-2\",\"image_svg_color\":\"emphasis\",\"image_width\":75,\"item_animation\":true,\"lightbox_bg_close\":true,\"link_style\":\"default\",\"link_target\":true,\"link_text\":\"Read more\",\"margin\":\"large\",\"meta_align\":\"above-title\",\"meta_element\":\"div\",\"meta_style\":\"text-meta\",\"panel_padding\":\"default\",\"show_content\":false,\"show_hover_image\":true,\"show_hover_video\":true,\"show_image\":true,\"show_link\":true,\"show_meta\":true,\"show_title\":true,\"show_video\":true,\"text_align\":\"center\",\"title_align\":\"top\",\"title_element\":\"h3\",\"title_grid_breakpoint\":\"m\",\"title_grid_width\":\"1-2\",\"title_hover_style\":\"reset\"},\"children\":[{\"type\":\"grid_item\",\"props\":{\"content\":\"\n\n<p>We coordinate a prompt repair appointment - flexibly at one of our partner companies or directly at your premises. On request, we can take care of all the coordination with your insurance company.<\\\/p>\",\"icon\":\"mail\",\"image\":\"\",\"link\":\"mailto:info@hagel-team.com\",\"link_text\":\"Sent e-mail\",\"meta\":\"E-Mail\",\"panel_style\":\"tile-primary\",\"title\":\"info@hagel-team.com\"}},{\"type\":\"grid_item\",\"props\":{\"content\":\"\n\n<p>Report the hail damage easily by phone, email or directly via WhatsApp. Our experienced team will take down all the important information and advise you on the next steps.<\\\/p>\",\"icon\":\"receiver\",\"image\":\"\",\"link\":\"tel:+49302239952816\",\"link_text\":\"Call now\",\"meta\":\"Phone\",\"panel_style\":\"tile-muted\",\"title\":\"+49 (0) 30 22 399 52 816\"}},{\"type\":\"grid_item\",\"props\":{\"content\":\"\n\n<p data-start=\\\"885\\\" data-end=\\\"1092\\\" class=\\\"\\\">Unsere zertifizierten Techniker setzen Ihr Fahrzeug mit modernsten, lackschonenden Verfahren instand. Pr\\u00e4zise Arbeit, h\\u00f6chste Qualit\\u00e4tsstandards und vollst\\u00e4ndige Dokumentation sichern ein optimales Ergebnis.<\\\/p>\",\"icon\":\"whatsapp\",\"image\":\"\",\"link\":\"https:\\\/\\\/api.whatsapp.com\\\/send\\\/?phone=491727127617\",\"link_text\":\"Sent message\",\"meta\":\"Whatsapp\",\"panel_style\":\"tile-secondary\",\"title\":\"+49 (0) 172 7 127 617\"}}],\"name\":\"griiid\"}]}]}]}],\"version\":\"4.5.20\"} --><\/p>\n","protected":false},"excerpt":{"rendered":"<p>Report damage Get in touch now. Have you discovered hail damage? Then get in touch with us now &#8211; in whatever way is easiest for you. Our team is ready to help you quickly &#8211; by email, phone or directly via WhatsApp. info@hagel-team.com E-Mail We coordinate a prompt repair appointment &#8211; flexibly at one of [&hellip;]<\/p>\n","protected":false},"author":1,"featured_media":0,"parent":0,"menu_order":0,"comment_status":"closed","ping_status":"closed","template":"","meta":{"footnotes":""},"class_list":["post-595","page","type-page","status-publish","hentry"],"yoast_head":"<!-- This site is optimized with the Yoast SEO plugin v26.6 - https:\/\/yoast.com\/wordpress\/plugins\/seo\/ -->\n<title>Report damage - Hagel Team<\/title>\n<meta name=\"robots\" content=\"index, follow, max-snippet:-1, max-image-preview:large, max-video-preview:-1\" \/>\n<link rel=\"canonical\" href=\"https:\/\/hagel-team.com\/en\/report-damage\/\" \/>\n<meta property=\"og:locale\" content=\"en_US\" \/>\n<meta property=\"og:type\" content=\"article\" \/>\n<meta property=\"og:title\" content=\"Report damage - Hagel Team\" \/>\n<meta property=\"og:description\" content=\"Report damage Get in touch now. Have you discovered hail damage? Then get in touch with us now &#8211; in whatever way is easiest for you. Our team is ready to help you quickly &#8211; by email, phone or directly via WhatsApp. info@hagel-team.com E-Mail We coordinate a prompt repair appointment &#8211; flexibly at one of [&hellip;]\" \/>\n<meta property=\"og:url\" content=\"https:\/\/hagel-team.com\/en\/report-damage\/\" \/>\n<meta property=\"og:site_name\" content=\"Hagel Team\" \/>\n<meta property=\"article:modified_time\" content=\"2025-06-19T17:47:42+00:00\" \/>\n<meta name=\"twitter:card\" content=\"summary_large_image\" \/>\n<meta name=\"twitter:label1\" content=\"Est. reading time\" \/>\n\t<meta name=\"twitter:data1\" content=\"1 minute\" \/>\n<script type=\"application\/ld+json\" class=\"yoast-schema-graph\">{\"@context\":\"https:\/\/schema.org\",\"@graph\":[{\"@type\":\"WebPage\",\"@id\":\"https:\/\/hagel-team.com\/en\/report-damage\/\",\"url\":\"https:\/\/hagel-team.com\/en\/report-damage\/\",\"name\":\"Report damage - Hagel Team\",\"isPartOf\":{\"@id\":\"https:\/\/hagel-team.com\/en\/#website\"},\"datePublished\":\"2025-06-17T13:25:39+00:00\",\"dateModified\":\"2025-06-19T17:47:42+00:00\",\"breadcrumb\":{\"@id\":\"https:\/\/hagel-team.com\/en\/report-damage\/#breadcrumb\"},\"inLanguage\":\"en-US\",\"potentialAction\":[{\"@type\":\"ReadAction\",\"target\":[\"https:\/\/hagel-team.com\/en\/report-damage\/\"]}]},{\"@type\":\"BreadcrumbList\",\"@id\":\"https:\/\/hagel-team.com\/en\/report-damage\/#breadcrumb\",\"itemListElement\":[{\"@type\":\"ListItem\",\"position\":1,\"name\":\"Startseite\",\"item\":\"https:\/\/hagel-team.com\/en\/\"},{\"@type\":\"ListItem\",\"position\":2,\"name\":\"Report damage\"}]},{\"@type\":\"WebSite\",\"@id\":\"https:\/\/hagel-team.com\/en\/#website\",\"url\":\"https:\/\/hagel-team.com\/en\/\",\"name\":\"Hagel Team\",\"description\":\"Efficient repair of hail damage to vehicles\",\"potentialAction\":[{\"@type\":\"SearchAction\",\"target\":{\"@type\":\"EntryPoint\",\"urlTemplate\":\"https:\/\/hagel-team.com\/en\/?s={search_term_string}\"},\"query-input\":{\"@type\":\"PropertyValueSpecification\",\"valueRequired\":true,\"valueName\":\"search_term_string\"}}],\"inLanguage\":\"en-US\"}]}<\/script>\n<!-- \/ Yoast SEO plugin. -->","yoast_head_json":{"title":"Report damage - Hagel Team","robots":{"index":"index","follow":"follow","max-snippet":"max-snippet:-1","max-image-preview":"max-image-preview:large","max-video-preview":"max-video-preview:-1"},"canonical":"https:\/\/hagel-team.com\/en\/report-damage\/","og_locale":"en_US","og_type":"article","og_title":"Report damage - Hagel Team","og_description":"Report damage Get in touch now. Have you discovered hail damage? Then get in touch with us now &#8211; in whatever way is easiest for you. Our team is ready to help you quickly &#8211; by email, phone or directly via WhatsApp. info@hagel-team.com E-Mail We coordinate a prompt repair appointment &#8211; flexibly at one of [&hellip;]","og_url":"https:\/\/hagel-team.com\/en\/report-damage\/","og_site_name":"Hagel Team","article_modified_time":"2025-06-19T17:47:42+00:00","twitter_card":"summary_large_image","twitter_misc":{"Est. reading time":"1 minute"},"schema":{"@context":"https:\/\/schema.org","@graph":[{"@type":"WebPage","@id":"https:\/\/hagel-team.com\/en\/report-damage\/","url":"https:\/\/hagel-team.com\/en\/report-damage\/","name":"Report damage - Hagel Team","isPartOf":{"@id":"https:\/\/hagel-team.com\/en\/#website"},"datePublished":"2025-06-17T13:25:39+00:00","dateModified":"2025-06-19T17:47:42+00:00","breadcrumb":{"@id":"https:\/\/hagel-team.com\/en\/report-damage\/#breadcrumb"},"inLanguage":"en-US","potentialAction":[{"@type":"ReadAction","target":["https:\/\/hagel-team.com\/en\/report-damage\/"]}]},{"@type":"BreadcrumbList","@id":"https:\/\/hagel-team.com\/en\/report-damage\/#breadcrumb","itemListElement":[{"@type":"ListItem","position":1,"name":"Startseite","item":"https:\/\/hagel-team.com\/en\/"},{"@type":"ListItem","position":2,"name":"Report damage"}]},{"@type":"WebSite","@id":"https:\/\/hagel-team.com\/en\/#website","url":"https:\/\/hagel-team.com\/en\/","name":"Hagel Team","description":"Efficient repair of hail damage to vehicles","potentialAction":[{"@type":"SearchAction","target":{"@type":"EntryPoint","urlTemplate":"https:\/\/hagel-team.com\/en\/?s={search_term_string}"},"query-input":{"@type":"PropertyValueSpecification","valueRequired":true,"valueName":"search_term_string"}}],"inLanguage":"en-US"}]}},"_links":{"self":[{"href":"https:\/\/hagel-team.com\/en\/wp-json\/wp\/v2\/pages\/595","targetHints":{"allow":["GET"]}}],"collection":[{"href":"https:\/\/hagel-team.com\/en\/wp-json\/wp\/v2\/pages"}],"about":[{"href":"https:\/\/hagel-team.com\/en\/wp-json\/wp\/v2\/types\/page"}],"author":[{"embeddable":true,"href":"https:\/\/hagel-team.com\/en\/wp-json\/wp\/v2\/users\/1"}],"replies":[{"embeddable":true,"href":"https:\/\/hagel-team.com\/en\/wp-json\/wp\/v2\/comments?post=595"}],"version-history":[{"count":1,"href":"https:\/\/hagel-team.com\/en\/wp-json\/wp\/v2\/pages\/595\/revisions"}],"predecessor-version":[{"id":663,"href":"https:\/\/hagel-team.com\/en\/wp-json\/wp\/v2\/pages\/595\/revisions\/663"}],"wp:attachment":[{"href":"https:\/\/hagel-team.com\/en\/wp-json\/wp\/v2\/media?parent=595"}],"curies":[{"name":"wp","href":"https:\/\/api.w.org\/{rel}","templated":true}]}}